{"id":10685,"date":"2023-02-01T02:23:38","date_gmt":"2023-02-01T02:23:38","guid":{"rendered":"https:\/\/dakar2023.gsef-net.org\/grille_tarifaire\/"},"modified":"2023-04-07T12:34:03","modified_gmt":"2023-04-07T12:34:03","slug":"inscripcion","status":"publish","type":"page","link":"https:\/\/dakar2023.gsef-net.org\/es\/inscripcion\/","title":{"rendered":"rango_de_precios"},"content":{"rendered":"\t\t<div data-elementor-type=\"wp-page\" data-elementor-id=\"10685\" class=\"elementor elementor-10685 elementor-10165\" data-elementor-post-type=\"page\">\n\t\t\t\t\t\t<section class=\"elementor-section elementor-top-section elementor-element elementor-element-3398d98f elementor-section-boxed elementor-section-height-default elementor-section-height-default\" data-id=\"3398d98f\" data-element_type=\"section\" data-settings=\"{&quot;background_background&quot;:&quot;classic&quot;}\">\n\t\t\t\t\t\t<div class=\"elementor-container elementor-column-gap-default\">\n\t\t\t\t\t<div class=\"elementor-column elementor-col-100 elementor-top-column elementor-element elementor-element-7b030395\" data-id=\"7b030395\" data-element_type=\"column\">\n\t\t\t<div class=\"elementor-widget-wrap elementor-element-populated\">\n\t\t\t\t\t\t<div class=\"elementor-element elementor-element-0cd1297 elementor-widget elementor-widget-text-editor\" data-id=\"0cd1297\" data-element_type=\"widget\" data-widget_type=\"text-editor.default\">\n\t\t\t\t<div class=\"elementor-widget-container\">\n\t\t\t\t\t\t\t\t\t<p>Esta p\u00e1gina de registro est\u00e1 dedicada a <b>participantes<\/b> que deseen asistir al GSEF2023 de Dakar.<\/p>\n<p><strong>Preinscr\u00edbase y recibir\u00e1 m\u00e1s detalles sobre su participaci\u00f3n.<\/strong><br \/>Esperamos contar con su presencia y compartir juntos este gran acontecimiento.<\/p>\n<p><em>Para los ponentes, los miembros del GSEF y las personas encargadas de la organizaci\u00f3n del evento (comit\u00e9 cient\u00edfico, \u2026), la inscripci\u00f3n se abrir\u00e1 la pr\u00f3xima semana, recibir\u00e1n un correo electr\u00f3nico con un enlace para inscribirse y las condiciones de participaci\u00f3n que les conciernen.<\/em><\/p>\n\t\t\t\t\t\t\t\t<\/div>\n\t\t\t\t<\/div>\n\t\t\t\t<div class=\"elementor-element elementor-element-e1f5197 elementor-widget elementor-widget-image\" data-id=\"e1f5197\" data-element_type=\"widget\" data-widget_type=\"image.default\">\n\t\t\t\t<div class=\"elementor-widget-container\">\n\t\t\t\t\t\t\t\t\t\t\t\t\t\t\t<img fetchpriority=\"high\" decoding=\"async\" width=\"1024\" height=\"576\" src=\"https:\/\/dakar2023.gsef-net.org\/wp-content\/uploads\/sites\/2\/2023\/02\/DakarGSEF2023-Cuotas-generales-de-inscripcion-ES-1024x576.png\" class=\"attachment-large size-large wp-image-14051\" alt=\"\" srcset=\"https:\/\/dakar2023.gsef-net.org\/wp-content\/uploads\/sites\/2\/2023\/02\/DakarGSEF2023-Cuotas-generales-de-inscripcion-ES-1024x576.png 1024w, https:\/\/dakar2023.gsef-net.org\/wp-content\/uploads\/sites\/2\/2023\/02\/DakarGSEF2023-Cuotas-generales-de-inscripcion-ES-300x169.png 300w, https:\/\/dakar2023.gsef-net.org\/wp-content\/uploads\/sites\/2\/2023\/02\/DakarGSEF2023-Cuotas-generales-de-inscripcion-ES-768x432.png 768w, https:\/\/dakar2023.gsef-net.org\/wp-content\/uploads\/sites\/2\/2023\/02\/DakarGSEF2023-Cuotas-generales-de-inscripcion-ES-1536x864.png 1536w, https:\/\/dakar2023.gsef-net.org\/wp-content\/uploads\/sites\/2\/2023\/02\/DakarGSEF2023-Cuotas-generales-de-inscripcion-ES-200x113.png 200w, https:\/\/dakar2023.gsef-net.org\/wp-content\/uploads\/sites\/2\/2023\/02\/DakarGSEF2023-Cuotas-generales-de-inscripcion-ES-600x338.png 600w, https:\/\/dakar2023.gsef-net.org\/wp-content\/uploads\/sites\/2\/2023\/02\/DakarGSEF2023-Cuotas-generales-de-inscripcion-ES.png 1920w\" sizes=\"(max-width: 1024px) 100vw, 1024px\" \/>\t\t\t\t\t\t\t\t\t\t\t\t\t\t\t<\/div>\n\t\t\t\t<\/div>\n\t\t\t\t<div class=\"elementor-element elementor-element-3d4a493 elementor-align-center elementor-widget elementor-widget-button\" data-id=\"3d4a493\" data-element_type=\"widget\" data-widget_type=\"button.default\">\n\t\t\t\t<div class=\"elementor-widget-container\">\n\t\t\t\t\t\t\t\t\t<div class=\"elementor-button-wrapper\">\n\t\t\t\t\t<a class=\"elementor-button elementor-button-link elementor-size-md\" href=\"https:\/\/dakar2023.gsef-net.org\/es\/registration-form\/\">\n\t\t\t\t\t\t<span class=\"elementor-button-content-wrapper\">\n\t\t\t\t\t\t<span class=\"elementor-button-icon\">\n\t\t\t\t<i aria-hidden=\"true\" class=\" arrow_carrot-2right\"><\/i>\t\t\t<\/span>\n\t\t\t\t\t\t\t\t\t<span class=\"elementor-button-text\">Me inscribo<\/span>\n\t\t\t\t\t<\/span>\n\t\t\t\t\t<\/a>\n\t\t\t\t<\/div>\n\t\t\t\t\t\t\t\t<\/div>\n\t\t\t\t<\/div>\n\t\t\t\t<div class=\"elementor-element elementor-element-6b88889 elementor-align-center elementor-widget elementor-widget-button\" data-id=\"6b88889\" data-element_type=\"widget\" data-widget_type=\"button.default\">\n\t\t\t\t<div class=\"elementor-widget-container\">\n\t\t\t\t\t\t\t\t\t<div class=\"elementor-button-wrapper\">\n\t\t\t\t\t<a class=\"elementor-button elementor-button-link elementor-size-md\" href=\"https:\/\/dakar2023.gsef-net.org\/es\/pago-en-grupo\/\">\n\t\t\t\t\t\t<span class=\"elementor-button-content-wrapper\">\n\t\t\t\t\t\t<span class=\"elementor-button-icon\">\n\t\t\t\t<i aria-hidden=\"true\" class=\" arrow_carrot-2right\"><\/i>\t\t\t<\/span>\n\t\t\t\t\t\t\t\t\t<span class=\"elementor-button-text\">Pago grupal<\/span>\n\t\t\t\t\t<\/span>\n\t\t\t\t\t<\/a>\n\t\t\t\t<\/div>\n\t\t\t\t\t\t\t\t<\/div>\n\t\t\t\t<\/div>\n\t\t\t\t<div class=\"elementor-element elementor-element-9e1ad9b elementor-widget elementor-widget-text-editor\" data-id=\"9e1ad9b\" data-element_type=\"widget\" data-widget_type=\"text-editor.default\">\n\t\t\t\t<div class=\"elementor-widget-container\">\n\t\t\t\t\t\t\t\t\t<p style=\"text-align: center\"><strong>Para beneficiarse de una tarifa de grupo, es necesaria la preinscripci\u00f3n individual.<\/strong><br><em>Se le pedir\u00e1 que indique el e-mail de cada persona preinscrita para poder pagar el importe total de una sola vez con el 30% de descuento aplicado.<\/em><\/p>\n<p style=\"text-align: center\"><a href=\"https:\/\/drive.google.com\/file\/d\/1SAZGtTRW1ZSgGju7z4JFwy4j4bJ5S2Uh\/view?usp=sharing\" style=\"font-style: inherit;font-weight: inherit\">Condiciones generales de participaci\u00f3n<\/a><br><span style=\"font-weight: inherit\"><span><i>(no se aplica a las partes interesadas ni a los miembros del GSEF)<\/i><\/span><\/span><\/p>\t\t\t\t\t\t\t\t<\/div>\n\t\t\t\t<\/div>\n\t\t\t\t\t<\/div>\n\t\t<\/div>\n\t\t\t\t\t<\/div>\n\t\t<\/section>\n\t\t\t\t<\/div>\n\t\t","protected":false},"excerpt":{"rendered":"<p>Esta p\u00e1gina de registro est\u00e1 dedicada a participantes que deseen asistir al GSEF2023 de Dakar. Preinscr\u00edbase y recibir\u00e1 m\u00e1s detalles sobre su participaci\u00f3n.Esperamos contar con su presencia y compartir juntos este gran acontecimiento. Para los ponentes, los miembros del GSEF y las personas encargadas de la organizaci\u00f3n del evento (comit\u00e9 cient\u00edfico, \u2026), la inscripci\u00f3n se [&hellip;]<\/p>\n","protected":false},"author":4,"featured_media":0,"parent":0,"menu_order":0,"comment_status":"closed","ping_status":"closed","template":"","meta":{"site-sidebar-layout":"no-sidebar","site-content-layout":"page-builder","ast-site-content-layout":"default","site-content-style":"default","site-sidebar-style":"default","ast-global-header-display":"","ast-banner-title-visibility":"","ast-main-header-display":"","ast-hfb-above-header-display":"","ast-hfb-below-header-display":"","ast-hfb-mobile-header-display":"","site-post-title":"disabled","ast-breadcrumbs-content":"","ast-featured-img":"disabled","footer-sml-layout":"","theme-transparent-header-meta":"","adv-header-id-meta":"","stick-header-meta":"","header-above-stick-meta":"","header-main-stick-meta":"","header-below-stick-meta":"","astra-migrate-meta-layouts":"default","ast-page-background-enabled":"default","ast-page-background-meta":{"desktop":{"background-color":"var(--ast-global-color-4)","background-image":"","background-repeat":"repeat","background-position":"center center","background-size":"auto","background-attachment":"scroll","background-type":"","background-media":"","overlay-type":"","overlay-color":"","overlay-opacity":"","overlay-gradient":""},"tablet":{"background-color":"","background-image":"","background-repeat":"repeat","background-position":"center center","background-size":"auto","background-attachment":"scroll","background-type":"","background-media":"","overlay-type":"","overlay-color":"","overlay-opacity":"","overlay-gradient":""},"mobile":{"background-color":"","background-image":"","background-repeat":"repeat","background-position":"center center","background-size":"auto","background-attachment":"scroll","background-type":"","background-media":"","overlay-type":"","overlay-color":"","overlay-opacity":"","overlay-gradient":""}},"ast-content-background-meta":{"desktop":{"background-color":"var(--ast-global-color-5)","background-image":"","background-repeat":"repeat","background-position":"center center","background-size":"auto","background-attachment":"scroll","background-type":"","background-media":"","overlay-type":"","overlay-color":"","overlay-opacity":"","overlay-gradient":""},"tablet":{"background-color":"var(--ast-global-color-5)","background-image":"","background-repeat":"repeat","background-position":"center center","background-size":"auto","background-attachment":"scroll","background-type":"","background-media":"","overlay-type":"","overlay-color":"","overlay-opacity":"","overlay-gradient":""},"mobile":{"background-color":"var(--ast-global-color-5)","background-image":"","background-repeat":"repeat","background-position":"center center","background-size":"auto","background-attachment":"scroll","background-type":"","background-media":"","overlay-type":"","overlay-color":"","overlay-opacity":"","overlay-gradient":""}},"footnotes":""},"class_list":["post-10685","page","type-page","status-publish","hentry"],"_links":{"self":[{"href":"https:\/\/dakar2023.gsef-net.org\/es\/wp-json\/wp\/v2\/pages\/10685","targetHints":{"allow":["GET"]}}],"collection":[{"href":"https:\/\/dakar2023.gsef-net.org\/es\/wp-json\/wp\/v2\/pages"}],"about":[{"href":"https:\/\/dakar2023.gsef-net.org\/es\/wp-json\/wp\/v2\/types\/page"}],"author":[{"embeddable":true,"href":"https:\/\/dakar2023.gsef-net.org\/es\/wp-json\/wp\/v2\/users\/4"}],"replies":[{"embeddable":true,"href":"https:\/\/dakar2023.gsef-net.org\/es\/wp-json\/wp\/v2\/comments?post=10685"}],"version-history":[{"count":48,"href":"https:\/\/dakar2023.gsef-net.org\/es\/wp-json\/wp\/v2\/pages\/10685\/revisions"}],"predecessor-version":[{"id":21503,"href":"https:\/\/dakar2023.gsef-net.org\/es\/wp-json\/wp\/v2\/pages\/10685\/revisions\/21503"}],"wp:attachment":[{"href":"https:\/\/dakar2023.gsef-net.org\/es\/wp-json\/wp\/v2\/media?parent=10685"}],"curies":[{"name":"wp","href":"https:\/\/api.w.org\/{rel}","templated":true}]}}