{"id":5010,"date":"2022-12-23T04:38:41","date_gmt":"2022-12-23T04:38:41","guid":{"rendered":"https:\/\/dakar2023.gsef-net.org\/gsef_ess_africa\/"},"modified":"2023-01-28T21:10:52","modified_gmt":"2023-01-28T21:10:52","slug":"gsef_ess_africa","status":"publish","type":"page","link":"https:\/\/dakar2023.gsef-net.org\/es\/gsef_ess_africa\/","title":{"rendered":"gsef_ess_afrique"},"content":{"rendered":"\t\t<div data-elementor-type=\"wp-page\" data-elementor-id=\"5010\" class=\"elementor elementor-5010 elementor-1810\" data-elementor-post-type=\"page\">\n\t\t\t\t\t\t<section class=\"elementor-section elementor-top-section elementor-element elementor-element-118cd249 elementor-section-boxed elementor-section-height-default elementor-section-height-default\" data-id=\"118cd249\" data-element_type=\"section\" data-settings=\"{&quot;background_background&quot;:&quot;classic&quot;,&quot;background_motion_fx_motion_fx_scrolling&quot;:&quot;yes&quot;,&quot;background_motion_fx_devices&quot;:[&quot;desktop&quot;,&quot;tablet&quot;,&quot;mobile&quot;]}\">\n\t\t\t\t\t\t\t<div class=\"elementor-background-overlay\"><\/div>\n\t\t\t\t\t\t\t<div class=\"elementor-container elementor-column-gap-default\">\n\t\t\t\t\t<div class=\"elementor-column elementor-col-100 elementor-top-column elementor-element elementor-element-586dc969\" data-id=\"586dc969\" data-element_type=\"column\">\n\t\t\t<div class=\"elementor-widget-wrap elementor-element-populated\">\n\t\t\t\t\t\t<div class=\"elementor-element elementor-element-1a69acb6 elementor-invisible elementor-widget elementor-widget-heading\" data-id=\"1a69acb6\" data-element_type=\"widget\" data-settings=\"{&quot;_animation&quot;:&quot;fadeInRight&quot;}\" data-widget_type=\"heading.default\">\n\t\t\t\t<div class=\"elementor-widget-container\">\n\t\t\t\t\t<h1 class=\"elementor-heading-title elementor-size-default\">ESS en \u00c1frica<\/h1>\t\t\t\t<\/div>\n\t\t\t\t<\/div>\n\t\t\t\t\t<\/div>\n\t\t<\/div>\n\t\t\t\t\t<\/div>\n\t\t<\/section>\n\t\t\t\t<section class=\"elementor-section elementor-top-section elementor-element elementor-element-7253309 elementor-section-boxed elementor-section-height-default elementor-section-height-default\" data-id=\"7253309\" data-element_type=\"section\">\n\t\t\t\t\t\t<div class=\"elementor-container elementor-column-gap-default\">\n\t\t\t\t\t<div class=\"elementor-column elementor-col-100 elementor-top-column elementor-element elementor-element-b5c59ce\" data-id=\"b5c59ce\" data-element_type=\"column\">\n\t\t\t<div class=\"elementor-widget-wrap elementor-element-populated\">\n\t\t\t\t\t\t<section class=\"elementor-section elementor-inner-section elementor-element elementor-element-5403b3a elementor-section-boxed elementor-section-height-default elementor-section-height-default\" data-id=\"5403b3a\" data-element_type=\"section\">\n\t\t\t\t\t\t<div class=\"elementor-container elementor-column-gap-default\">\n\t\t\t\t\t<div class=\"elementor-column elementor-col-50 elementor-inner-column elementor-element elementor-element-89621f0\" data-id=\"89621f0\" data-element_type=\"column\">\n\t\t\t<div class=\"elementor-widget-wrap elementor-element-populated\">\n\t\t\t\t\t\t<div class=\"elementor-element elementor-element-4a9a4e35 elementor-widget elementor-widget-heading\" data-id=\"4a9a4e35\" data-element_type=\"widget\" data-widget_type=\"heading.default\">\n\t\t\t\t<div class=\"elementor-widget-container\">\n\t\t\t\t\t<h1 class=\"elementor-heading-title elementor-size-default\">GSEF 2023 DAKAR<\/h1>\t\t\t\t<\/div>\n\t\t\t\t<\/div>\n\t\t\t\t<div class=\"elementor-element elementor-element-632546f elementor-widget elementor-widget-heading\" data-id=\"632546f\" data-element_type=\"widget\" data-widget_type=\"heading.default\">\n\t\t\t\t<div class=\"elementor-widget-container\">\n\t\t\t\t\t<h1 class=\"elementor-heading-title elementor-size-default\">Econom\u00eda Social y Solidaria en \u00c1frica<\/h1>\t\t\t\t<\/div>\n\t\t\t\t<\/div>\n\t\t\t\t\t<\/div>\n\t\t<\/div>\n\t\t\t\t<div class=\"elementor-column elementor-col-50 elementor-inner-column elementor-element elementor-element-42e8baf\" data-id=\"42e8baf\" data-element_type=\"column\">\n\t\t\t<div class=\"elementor-widget-wrap elementor-element-populated\">\n\t\t\t\t\t\t<div class=\"elementor-element elementor-element-bddd7a9 elementor-widget elementor-widget-image\" data-id=\"bddd7a9\" data-element_type=\"widget\" data-widget_type=\"image.default\">\n\t\t\t\t<div class=\"elementor-widget-container\">\n\t\t\t\t\t\t\t\t\t\t\t\t\t\t\t<img fetchpriority=\"high\" decoding=\"async\" width=\"600\" height=\"400\" src=\"https:\/\/dakar2023.gsef-net.org\/wp-content\/uploads\/sites\/2\/2023\/01\/ess_afrique.png\" class=\"attachment-large size-large wp-image-7337\" alt=\"\" srcset=\"https:\/\/dakar2023.gsef-net.org\/wp-content\/uploads\/sites\/2\/2023\/01\/ess_afrique.png 600w, https:\/\/dakar2023.gsef-net.org\/wp-content\/uploads\/sites\/2\/2023\/01\/ess_afrique-300x200.png 300w, https:\/\/dakar2023.gsef-net.org\/wp-content\/uploads\/sites\/2\/2023\/01\/ess_afrique-200x133.png 200w\" sizes=\"(max-width: 600px) 100vw, 600px\" \/>\t\t\t\t\t\t\t\t\t\t\t\t\t\t\t<\/div>\n\t\t\t\t<\/div>\n\t\t\t\t\t<\/div>\n\t\t<\/div>\n\t\t\t\t\t<\/div>\n\t\t<\/section>\n\t\t\t\t<div class=\"elementor-element elementor-element-a227a8c elementor-widget elementor-widget-text-editor\" data-id=\"a227a8c\" data-element_type=\"widget\" data-widget_type=\"text-editor.default\">\n\t\t\t\t<div class=\"elementor-widget-container\">\n\t\t\t\t\t\t\t\t\t<p>Aunque la ESS es un concepto relativamente nuevo para la mayor\u00eda de los Estados miembros de la UA, muchos gobiernos africanos respaldan algunas de sus dimensiones y algunos han desarrollado marcos pol\u00edticos y jur\u00eddicos para promover el sector.<\/p>\n<p>A nivel panafricano, la Organizaci\u00f3n para la Armonizaci\u00f3n del Derecho Mercantil en \u00c1frica (OHADA) adopt\u00f3 en 2009 el Acto Uniforme de Sociedades Cooperativas, que abarca 17 pa\u00edses. Al a\u00f1o siguiente, la Uni\u00f3n Econ\u00f3mica y Monetaria de \u00c1frica Occidental (UEMOA) adopt\u00f3 el Reglamento sobre mutualismo social, que abarca ocho pa\u00edses. La Red Africana para la Econom\u00eda Social y Solidaria (RAESS), en colaboraci\u00f3n con la red mundial RIPESS, ha creado 22 redes nacionales.<\/p>\n<p>Cinco pa\u00edses africanos se encuentran entre los 30 pa\u00edses del mundo que han adoptado leyes de ESS: Cabo Verde en 2016, Camer\u00fan y Yibuti en 2019, T\u00fanez en 2020 y Senegal en 2021. Estas leyes marco definen el \u00e1mbito de la ESS describiendo las diferentes formas jur\u00eddicas y estableciendo los valores comunes y los principios de funcionamiento, as\u00ed como los procedimientos de registro de unidades y de control administrativo y estad\u00edstico. Tambi\u00e9n organizan el di\u00e1logo entre las autoridades p\u00fablicas y las organizaciones que representan a las partes interesadas, y contemplan medidas de sensibilizaci\u00f3n, apoyo, financiaci\u00f3n, fiscalidad y contrataci\u00f3n p\u00fablica.<\/p>\n<p>La regulaci\u00f3n de la ESS est\u00e1 en marcha en Marruecos, Argelia, Sud\u00e1frica y Gab\u00f3n Mali adopt\u00f3 una pol\u00edtica y un plan de acci\u00f3n nacionales de promoci\u00f3n de la ESS en 2014 y una ley para la creaci\u00f3n del Centro Nacional de Apoyo a la Promoci\u00f3n de la ESS en 2017. Se han creado ministerios de ESS en Marruecos, T\u00fanez, Senegal y Camer\u00fan. Pa\u00edses como Mali, Nigeria y Senegal se han comprometido a crear una academia de ESS.<\/p>\n\t\t\t\t\t\t\t\t<\/div>\n\t\t\t\t<\/div>\n\t\t\t\t\t<\/div>\n\t\t<\/div>\n\t\t\t\t\t<\/div>\n\t\t<\/section>\n\t\t\t\t<\/div>\n\t\t","protected":false},"excerpt":{"rendered":"<p>ESS en \u00c1frica GSEF 2023 DAKAR Econom\u00eda Social y Solidaria en \u00c1frica Aunque la ESS es un concepto relativamente nuevo para la mayor\u00eda de los Estados miembros de la UA, muchos gobiernos africanos respaldan algunas de sus dimensiones y algunos han desarrollado marcos pol\u00edticos y jur\u00eddicos para promover el sector. A nivel panafricano, la Organizaci\u00f3n [&hellip;]<\/p>\n","protected":false},"author":4,"featured_media":0,"parent":0,"menu_order":0,"comment_status":"closed","ping_status":"closed","template":"","meta":{"site-sidebar-layout":"no-sidebar","site-content-layout":"page-builder","ast-site-content-layout":"default","site-content-style":"default","site-sidebar-style":"default","ast-global-header-display":"","ast-banner-title-visibility":"","ast-main-header-display":"","ast-hfb-above-header-display":"","ast-hfb-below-header-display":"","ast-hfb-mobile-header-display":"","site-post-title":"disabled","ast-breadcrumbs-content":"","ast-featured-img":"disabled","footer-sml-layout":"","theme-transparent-header-meta":"","adv-header-id-meta":"","stick-header-meta":"","header-above-stick-meta":"","header-main-stick-meta":"","header-below-stick-meta":"","astra-migrate-meta-layouts":"default","ast-page-background-enabled":"default","ast-page-background-meta":{"desktop":{"background-color":"var(--ast-global-color-4)","background-image":"","background-repeat":"repeat","background-position":"center center","background-size":"auto","background-attachment":"scroll","background-type":"","background-media":"","overlay-type":"","overlay-color":"","overlay-opacity":"","overlay-gradient":""},"tablet":{"background-color":"","background-image":"","background-repeat":"repeat","background-position":"center center","background-size":"auto","background-attachment":"scroll","background-type":"","background-media":"","overlay-type":"","overlay-color":"","overlay-opacity":"","overlay-gradient":""},"mobile":{"background-color":"","background-image":"","background-repeat":"repeat","background-position":"center center","background-size":"auto","background-attachment":"scroll","background-type":"","background-media":"","overlay-type":"","overlay-color":"","overlay-opacity":"","overlay-gradient":""}},"ast-content-background-meta":{"desktop":{"background-color":"var(--ast-global-color-5)","background-image":"","background-repeat":"repeat","background-position":"center center","background-size":"auto","background-attachment":"scroll","background-type":"","background-media":"","overlay-type":"","overlay-color":"","overlay-opacity":"","overlay-gradient":""},"tablet":{"background-color":"var(--ast-global-color-5)","background-image":"","background-repeat":"repeat","background-position":"center center","background-size":"auto","background-attachment":"scroll","background-type":"","background-media":"","overlay-type":"","overlay-color":"","overlay-opacity":"","overlay-gradient":""},"mobile":{"background-color":"var(--ast-global-color-5)","background-image":"","background-repeat":"repeat","background-position":"center center","background-size":"auto","background-attachment":"scroll","background-type":"","background-media":"","overlay-type":"","overlay-color":"","overlay-opacity":"","overlay-gradient":""}},"footnotes":""},"class_list":["post-5010","page","type-page","status-publish","hentry"],"_links":{"self":[{"href":"https:\/\/dakar2023.gsef-net.org\/es\/wp-json\/wp\/v2\/pages\/5010","targetHints":{"allow":["GET"]}}],"collection":[{"href":"https:\/\/dakar2023.gsef-net.org\/es\/wp-json\/wp\/v2\/pages"}],"about":[{"href":"https:\/\/dakar2023.gsef-net.org\/es\/wp-json\/wp\/v2\/types\/page"}],"author":[{"embeddable":true,"href":"https:\/\/dakar2023.gsef-net.org\/es\/wp-json\/wp\/v2\/users\/4"}],"replies":[{"embeddable":true,"href":"https:\/\/dakar2023.gsef-net.org\/es\/wp-json\/wp\/v2\/comments?post=5010"}],"version-history":[{"count":5,"href":"https:\/\/dakar2023.gsef-net.org\/es\/wp-json\/wp\/v2\/pages\/5010\/revisions"}],"predecessor-version":[{"id":8914,"href":"https:\/\/dakar2023.gsef-net.org\/es\/wp-json\/wp\/v2\/pages\/5010\/revisions\/8914"}],"wp:attachment":[{"href":"https:\/\/dakar2023.gsef-net.org\/es\/wp-json\/wp\/v2\/media?parent=5010"}],"curies":[{"name":"wp","href":"https:\/\/api.w.org\/{rel}","templated":true}]}}