{"id":5023,"date":"2022-12-23T04:45:23","date_gmt":"2022-12-23T04:45:23","guid":{"rendered":"https:\/\/dakar2023.gsef-net.org\/gsef_ess_senegal\/"},"modified":"2023-01-28T21:18:20","modified_gmt":"2023-01-28T21:18:20","slug":"gsef_ess_senegal","status":"publish","type":"page","link":"https:\/\/dakar2023.gsef-net.org\/es\/gsef_ess_senegal\/","title":{"rendered":"gsef_ess_senegal"},"content":{"rendered":"\t\t<div data-elementor-type=\"wp-page\" data-elementor-id=\"5023\" class=\"elementor elementor-5023 elementor-1815\" data-elementor-post-type=\"page\">\n\t\t\t\t\t\t<section class=\"elementor-section elementor-top-section elementor-element elementor-element-6a44150c elementor-section-boxed elementor-section-height-default elementor-section-height-default\" data-id=\"6a44150c\" data-element_type=\"section\" data-settings=\"{&quot;background_background&quot;:&quot;classic&quot;,&quot;background_motion_fx_motion_fx_scrolling&quot;:&quot;yes&quot;,&quot;background_motion_fx_devices&quot;:[&quot;desktop&quot;,&quot;tablet&quot;,&quot;mobile&quot;]}\">\n\t\t\t\t\t\t\t<div class=\"elementor-background-overlay\"><\/div>\n\t\t\t\t\t\t\t<div class=\"elementor-container elementor-column-gap-default\">\n\t\t\t\t\t<div class=\"elementor-column elementor-col-100 elementor-top-column elementor-element elementor-element-167de341\" data-id=\"167de341\" data-element_type=\"column\">\n\t\t\t<div class=\"elementor-widget-wrap elementor-element-populated\">\n\t\t\t\t\t\t<div class=\"elementor-element elementor-element-1ae7dd55 elementor-invisible elementor-widget elementor-widget-heading\" data-id=\"1ae7dd55\" data-element_type=\"widget\" data-settings=\"{&quot;_animation&quot;:&quot;fadeInRight&quot;}\" data-widget_type=\"heading.default\">\n\t\t\t\t<div class=\"elementor-widget-container\">\n\t\t\t\t\t<h1 class=\"elementor-heading-title elementor-size-default\">ESS en Senegal<\/h1>\t\t\t\t<\/div>\n\t\t\t\t<\/div>\n\t\t\t\t\t<\/div>\n\t\t<\/div>\n\t\t\t\t\t<\/div>\n\t\t<\/section>\n\t\t\t\t<section class=\"elementor-section elementor-top-section elementor-element elementor-element-3398d98f elementor-section-boxed elementor-section-height-default elementor-section-height-default\" data-id=\"3398d98f\" data-element_type=\"section\" data-settings=\"{&quot;background_background&quot;:&quot;classic&quot;}\">\n\t\t\t\t\t\t<div class=\"elementor-container elementor-column-gap-default\">\n\t\t\t\t\t<div class=\"elementor-column elementor-col-100 elementor-top-column elementor-element elementor-element-7b030395\" data-id=\"7b030395\" data-element_type=\"column\">\n\t\t\t<div class=\"elementor-widget-wrap elementor-element-populated\">\n\t\t\t\t\t\t<section class=\"elementor-section elementor-inner-section elementor-element elementor-element-19c8e50b elementor-section-boxed elementor-section-height-default elementor-section-height-default\" data-id=\"19c8e50b\" data-element_type=\"section\">\n\t\t\t\t\t\t<div class=\"elementor-container elementor-column-gap-default\">\n\t\t\t\t\t<div class=\"elementor-column elementor-col-50 elementor-inner-column elementor-element elementor-element-6f2701a8\" data-id=\"6f2701a8\" data-element_type=\"column\">\n\t\t\t<div class=\"elementor-widget-wrap elementor-element-populated\">\n\t\t\t\t\t\t<div class=\"elementor-element elementor-element-52019045 elementor-widget elementor-widget-heading\" data-id=\"52019045\" data-element_type=\"widget\" data-widget_type=\"heading.default\">\n\t\t\t\t<div class=\"elementor-widget-container\">\n\t\t\t\t\t<h2 class=\"elementor-heading-title elementor-size-default\">GSEF 2023 DAKAR<\/h2>\t\t\t\t<\/div>\n\t\t\t\t<\/div>\n\t\t\t\t<div class=\"elementor-element elementor-element-636bbb0a elementor-widget elementor-widget-heading\" data-id=\"636bbb0a\" data-element_type=\"widget\" data-widget_type=\"heading.default\">\n\t\t\t\t<div class=\"elementor-widget-container\">\n\t\t\t\t\t<h2 class=\"elementor-heading-title elementor-size-default\">Econom\u00eda Social y Solidaria en Senegal<\/h2>\t\t\t\t<\/div>\n\t\t\t\t<\/div>\n\t\t\t\t\t<\/div>\n\t\t<\/div>\n\t\t\t\t<div class=\"elementor-column elementor-col-50 elementor-inner-column elementor-element elementor-element-fb91d2e\" data-id=\"fb91d2e\" data-element_type=\"column\">\n\t\t\t<div class=\"elementor-widget-wrap elementor-element-populated\">\n\t\t\t\t\t\t<div class=\"elementor-element elementor-element-981c6cf elementor-widget elementor-widget-image\" data-id=\"981c6cf\" data-element_type=\"widget\" data-widget_type=\"image.default\">\n\t\t\t\t<div class=\"elementor-widget-container\">\n\t\t\t\t\t\t\t\t\t\t\t\t\t\t\t<img fetchpriority=\"high\" decoding=\"async\" width=\"720\" height=\"399\" src=\"https:\/\/dakar2023.gsef-net.org\/wp-content\/uploads\/sites\/2\/2023\/01\/VICTORINE-NDEYE.webp\" class=\"attachment-large size-large wp-image-6751\" alt=\"\" srcset=\"https:\/\/dakar2023.gsef-net.org\/wp-content\/uploads\/sites\/2\/2023\/01\/VICTORINE-NDEYE.webp 720w, https:\/\/dakar2023.gsef-net.org\/wp-content\/uploads\/sites\/2\/2023\/01\/VICTORINE-NDEYE-300x166.webp 300w, https:\/\/dakar2023.gsef-net.org\/wp-content\/uploads\/sites\/2\/2023\/01\/VICTORINE-NDEYE-200x111.webp 200w, https:\/\/dakar2023.gsef-net.org\/wp-content\/uploads\/sites\/2\/2023\/01\/VICTORINE-NDEYE-600x333.webp 600w\" sizes=\"(max-width: 720px) 100vw, 720px\" \/>\t\t\t\t\t\t\t\t\t\t\t\t\t\t\t<\/div>\n\t\t\t\t<\/div>\n\t\t\t\t\t<\/div>\n\t\t<\/div>\n\t\t\t\t\t<\/div>\n\t\t<\/section>\n\t\t\t\t<div class=\"elementor-element elementor-element-336ffdbb elementor-widget elementor-widget-text-editor\" data-id=\"336ffdbb\" data-element_type=\"widget\" data-widget_type=\"text-editor.default\">\n\t\t\t\t<div class=\"elementor-widget-container\">\n\t\t\t\t\t\t\t\t\t<p>La ideolog\u00eda del trabajo comunitario es una forma de vida en la sociedad senegalesa (Fall y Gu\u00e8ye 2003). De hecho, el trabajo se considera un medio de realizaci\u00f3n individual y de desarrollo de la personalidad. En 2020, la poblaci\u00f3n de Senegal se estimaba en 16 705 608 habitantes, 50,2 % mujeres y 49,8% hombres. M\u00e1s de la mitad viven en zonas rurales (53,5 %) frente al 46,5 % de habitantes urbanos (ANSD S.d.).<\/p>\n<p>El Estado de Senegal ha convertido la ESS una prioridad fundamental en el marco del Plan Senegal Emergente (documento de referencia para la pol\u00edtica econ\u00f3mica y social hasta 2035), situ\u00e1ndola en segundo lugar entre las cinco grandes iniciativas del programa Ligu\u00e9yeul Elleuk 1 para el actual mandanto de 5 a\u00f1os. Esta consagraci\u00f3n refleja la determinaci\u00f3n de la m\u00e1s alta autoridad de promover y desarrollar el sector de la ESS, con la convicci\u00f3n de que puede contribuir al fortalecimiento de una sociedad democr\u00e1tica donde tanto el sector formal como informal puedan participar plenamente en la creaci\u00f3n de valor a\u00f1adido, mediante la redistribuci\u00f3n de la riqueza, promoviendo empresas y organizaciones basadas en la solidaridad y las personas.<\/p>\n<p>En 2017, la creaci\u00f3n de un Ministerio de Microfinanzas y ESS (MMESS), confirm\u00f3 la intenci\u00f3n del Estado de ayudar a los hogares pobres o de bajos ingresos y aumentar las oportunidades de \u00e9xito de los microemprededores.<\/p>\n<p>En 2021, la Asamblea Nacional aprob\u00f3 la Ley de orientaci\u00f3n de la ESS y su decreto de aplicaci\u00f3n fue promulgado por el Presidente de la Rep\u00fablica. La ESS se define como \u00abun conjunto de actividades econ\u00f3micas con objetivos sociales y\/o medioambientales llevadas a cabo por emprendedores individuales o grupos de personas asociadas\u00bb.<\/p>\n<p>Gracias a este marco institucional de la ESS, Senegal forma parte ahora del restringido c\u00edrculo de naciones que disponen de un marco jur\u00eddico para este sector estrat\u00e9gico. Este sistema jur\u00eddico altamente innovador se est\u00e1 generalizando y haciendo operativo, en particular mediante el despliegue de la plataforma digital denominada SEN LABEL ESS \u00abCII LA BOKK\u00bb, que pretende ser un sistema de desmaterializaci\u00f3n de los procedimientos para la obtenci\u00f3n de la autorizaci\u00f3n ESS, que otorga el estatus de agente de la ESS.<\/p>\n<p>Este instrumento tambi\u00e9n tiene la funci\u00f3n de facilitar la identificaci\u00f3n, estructuraci\u00f3n, supervisi\u00f3n y financiaci\u00f3n de los agentes de la ESS, como las cooperativas o mutuas, las asociaciones emprendedoras y responsables, las empresas sociales y los agentes del sector informal.<\/p>\n<p>En el marco de la operatividad de esta ley, tambi\u00e9n est\u00e1 previsto desarrollar, en un futuro pr\u00f3ximo, una estrategia nacional de fomento de la RSE, con el fin de estimular y diversificar las fuentes de financiaci\u00f3n de los agentes de la ESS. A nivel internacional, Senegal fue una de las primeras naciones en firmar el Manifiesto de Par\u00eds para el reconocimiento internacional de la ESS, por un lado, y en ser cooptado en el grupo restringido de pa\u00edses que llevar\u00edan el borrador de resoluci\u00f3n de la ONU sobre la ESS, actualmente en elaboraci\u00f3n, por otro.<\/p>\n\t\t\t\t\t\t\t\t<\/div>\n\t\t\t\t<\/div>\n\t\t\t\t\t<\/div>\n\t\t<\/div>\n\t\t\t\t\t<\/div>\n\t\t<\/section>\n\t\t\t\t<\/div>\n\t\t","protected":false},"excerpt":{"rendered":"<p>ESS en Senegal GSEF 2023 DAKAR Econom\u00eda Social y Solidaria en Senegal La ideolog\u00eda del trabajo comunitario es una forma de vida en la sociedad senegalesa (Fall y Gu\u00e8ye 2003). De hecho, el trabajo se considera un medio de realizaci\u00f3n individual y de desarrollo de la personalidad. En 2020, la poblaci\u00f3n de Senegal se estimaba [&hellip;]<\/p>\n","protected":false},"author":4,"featured_media":0,"parent":0,"menu_order":0,"comment_status":"closed","ping_status":"closed","template":"","meta":{"site-sidebar-layout":"no-sidebar","site-content-layout":"page-builder","ast-site-content-layout":"default","site-content-style":"default","site-sidebar-style":"default","ast-global-header-display":"","ast-banner-title-visibility":"","ast-main-header-display":"","ast-hfb-above-header-display":"","ast-hfb-below-header-display":"","ast-hfb-mobile-header-display":"","site-post-title":"disabled","ast-breadcrumbs-content":"","ast-featured-img":"disabled","footer-sml-layout":"","theme-transparent-header-meta":"","adv-header-id-meta":"","stick-header-meta":"","header-above-stick-meta":"","header-main-stick-meta":"","header-below-stick-meta":"","astra-migrate-meta-layouts":"default","ast-page-background-enabled":"default","ast-page-background-meta":{"desktop":{"background-color":"var(--ast-global-color-4)","background-image":"","background-repeat":"repeat","background-position":"center center","background-size":"auto","background-attachment":"scroll","background-type":"","background-media":"","overlay-type":"","overlay-color":"","overlay-opacity":"","overlay-gradient":""},"tablet":{"background-color":"","background-image":"","background-repeat":"repeat","background-position":"center center","background-size":"auto","background-attachment":"scroll","background-type":"","background-media":"","overlay-type":"","overlay-color":"","overlay-opacity":"","overlay-gradient":""},"mobile":{"background-color":"","background-image":"","background-repeat":"repeat","background-position":"center center","background-size":"auto","background-attachment":"scroll","background-type":"","background-media":"","overlay-type":"","overlay-color":"","overlay-opacity":"","overlay-gradient":""}},"ast-content-background-meta":{"desktop":{"background-color":"var(--ast-global-color-5)","background-image":"","background-repeat":"repeat","background-position":"center center","background-size":"auto","background-attachment":"scroll","background-type":"","background-media":"","overlay-type":"","overlay-color":"","overlay-opacity":"","overlay-gradient":""},"tablet":{"background-color":"var(--ast-global-color-5)","background-image":"","background-repeat":"repeat","background-position":"center center","background-size":"auto","background-attachment":"scroll","background-type":"","background-media":"","overlay-type":"","overlay-color":"","overlay-opacity":"","overlay-gradient":""},"mobile":{"background-color":"var(--ast-global-color-5)","background-image":"","background-repeat":"repeat","background-position":"center center","background-size":"auto","background-attachment":"scroll","background-type":"","background-media":"","overlay-type":"","overlay-color":"","overlay-opacity":"","overlay-gradient":""}},"footnotes":""},"class_list":["post-5023","page","type-page","status-publish","hentry"],"_links":{"self":[{"href":"https:\/\/dakar2023.gsef-net.org\/es\/wp-json\/wp\/v2\/pages\/5023","targetHints":{"allow":["GET"]}}],"collection":[{"href":"https:\/\/dakar2023.gsef-net.org\/es\/wp-json\/wp\/v2\/pages"}],"about":[{"href":"https:\/\/dakar2023.gsef-net.org\/es\/wp-json\/wp\/v2\/types\/page"}],"author":[{"embeddable":true,"href":"https:\/\/dakar2023.gsef-net.org\/es\/wp-json\/wp\/v2\/users\/4"}],"replies":[{"embeddable":true,"href":"https:\/\/dakar2023.gsef-net.org\/es\/wp-json\/wp\/v2\/comments?post=5023"}],"version-history":[{"count":5,"href":"https:\/\/dakar2023.gsef-net.org\/es\/wp-json\/wp\/v2\/pages\/5023\/revisions"}],"predecessor-version":[{"id":8921,"href":"https:\/\/dakar2023.gsef-net.org\/es\/wp-json\/wp\/v2\/pages\/5023\/revisions\/8921"}],"wp:attachment":[{"href":"https:\/\/dakar2023.gsef-net.org\/es\/wp-json\/wp\/v2\/media?parent=5023"}],"curies":[{"name":"wp","href":"https:\/\/api.w.org\/{rel}","templated":true}]}}