{"id":5030,"date":"2022-12-23T04:55:53","date_gmt":"2022-12-23T04:55:53","guid":{"rendered":"https:\/\/dakar2023.gsef-net.org\/gsef_ess_dakar\/"},"modified":"2023-01-28T21:21:37","modified_gmt":"2023-01-28T21:21:37","slug":"gsef_ess_dakar","status":"publish","type":"page","link":"https:\/\/dakar2023.gsef-net.org\/es\/gsef_ess_dakar\/","title":{"rendered":"gsef_ess_dakar"},"content":{"rendered":"\t\t<div data-elementor-type=\"wp-page\" data-elementor-id=\"5030\" class=\"elementor elementor-5030 elementor-1825\" data-elementor-post-type=\"page\">\n\t\t\t\t\t\t<section class=\"elementor-section elementor-top-section elementor-element elementor-element-6f4adb2d elementor-section-boxed elementor-section-height-default elementor-section-height-default\" data-id=\"6f4adb2d\" data-element_type=\"section\" data-settings=\"{&quot;background_background&quot;:&quot;classic&quot;,&quot;background_motion_fx_motion_fx_scrolling&quot;:&quot;yes&quot;,&quot;background_motion_fx_devices&quot;:[&quot;desktop&quot;,&quot;tablet&quot;,&quot;mobile&quot;]}\">\n\t\t\t\t\t\t\t<div class=\"elementor-background-overlay\"><\/div>\n\t\t\t\t\t\t\t<div class=\"elementor-container elementor-column-gap-default\">\n\t\t\t\t\t<div class=\"elementor-column elementor-col-100 elementor-top-column elementor-element elementor-element-3e453c49\" data-id=\"3e453c49\" data-element_type=\"column\">\n\t\t\t<div class=\"elementor-widget-wrap elementor-element-populated\">\n\t\t\t\t\t\t<div class=\"elementor-element elementor-element-2fb381e4 elementor-invisible elementor-widget elementor-widget-heading\" data-id=\"2fb381e4\" data-element_type=\"widget\" data-settings=\"{&quot;_animation&quot;:&quot;fadeInRight&quot;}\" data-widget_type=\"heading.default\">\n\t\t\t\t<div class=\"elementor-widget-container\">\n\t\t\t\t\t<h1 class=\"elementor-heading-title elementor-size-default\">ESS en Dakar<\/h1>\t\t\t\t<\/div>\n\t\t\t\t<\/div>\n\t\t\t\t\t<\/div>\n\t\t<\/div>\n\t\t\t\t\t<\/div>\n\t\t<\/section>\n\t\t\t\t<section class=\"elementor-section elementor-top-section elementor-element elementor-element-5b1705f4 elementor-section-boxed elementor-section-height-default elementor-section-height-default\" data-id=\"5b1705f4\" data-element_type=\"section\" data-settings=\"{&quot;background_background&quot;:&quot;classic&quot;}\">\n\t\t\t\t\t\t<div class=\"elementor-container elementor-column-gap-default\">\n\t\t\t\t\t<div class=\"elementor-column elementor-col-100 elementor-top-column elementor-element elementor-element-372f73f3\" data-id=\"372f73f3\" data-element_type=\"column\">\n\t\t\t<div class=\"elementor-widget-wrap elementor-element-populated\">\n\t\t\t\t\t\t<section class=\"elementor-section elementor-inner-section elementor-element elementor-element-2c35c389 elementor-section-boxed elementor-section-height-default elementor-section-height-default\" data-id=\"2c35c389\" data-element_type=\"section\">\n\t\t\t\t\t\t<div class=\"elementor-container elementor-column-gap-default\">\n\t\t\t\t\t<div class=\"elementor-column elementor-col-50 elementor-inner-column elementor-element elementor-element-3ada9639\" data-id=\"3ada9639\" data-element_type=\"column\">\n\t\t\t<div class=\"elementor-widget-wrap elementor-element-populated\">\n\t\t\t\t\t\t<div class=\"elementor-element elementor-element-eda5b49 elementor-widget elementor-widget-heading\" data-id=\"eda5b49\" data-element_type=\"widget\" data-widget_type=\"heading.default\">\n\t\t\t\t<div class=\"elementor-widget-container\">\n\t\t\t\t\t<h2 class=\"elementor-heading-title elementor-size-default\">GSEF2023 DAKAR <\/h2>\t\t\t\t<\/div>\n\t\t\t\t<\/div>\n\t\t\t\t<div class=\"elementor-element elementor-element-3aefc889 elementor-widget elementor-widget-heading\" data-id=\"3aefc889\" data-element_type=\"widget\" data-widget_type=\"heading.default\">\n\t\t\t\t<div class=\"elementor-widget-container\">\n\t\t\t\t\t<h2 class=\"elementor-heading-title elementor-size-default\">Econom\u00eda Social y Solidaria en Dakar<\/h2>\t\t\t\t<\/div>\n\t\t\t\t<\/div>\n\t\t\t\t\t<\/div>\n\t\t<\/div>\n\t\t\t\t<div class=\"elementor-column elementor-col-50 elementor-inner-column elementor-element elementor-element-227b1272\" data-id=\"227b1272\" data-element_type=\"column\" data-settings=\"{&quot;background_background&quot;:&quot;classic&quot;}\">\n\t\t\t<div class=\"elementor-widget-wrap elementor-element-populated\">\n\t\t\t\t\t<div class=\"elementor-background-overlay\"><\/div>\n\t\t\t\t\t\t<div class=\"elementor-element elementor-element-7b58b165 elementor-widget elementor-widget-image\" data-id=\"7b58b165\" data-element_type=\"widget\" data-widget_type=\"image.default\">\n\t\t\t\t<div class=\"elementor-widget-container\">\n\t\t\t\t\t\t\t\t\t\t\t\t\t\t\t<img fetchpriority=\"high\" decoding=\"async\" width=\"1886\" height=\"1184\" src=\"https:\/\/dakar2023.gsef-net.org\/wp-content\/uploads\/sites\/2\/2022\/12\/Barthelemy-Dias.jpeg\" class=\"attachment-full size-full wp-image-2948\" alt=\"\" srcset=\"https:\/\/dakar2023.gsef-net.org\/wp-content\/uploads\/sites\/2\/2022\/12\/Barthelemy-Dias.jpeg 1886w, https:\/\/dakar2023.gsef-net.org\/wp-content\/uploads\/sites\/2\/2022\/12\/Barthelemy-Dias-600x377.jpeg 600w, https:\/\/dakar2023.gsef-net.org\/wp-content\/uploads\/sites\/2\/2022\/12\/Barthelemy-Dias-300x188.jpeg 300w, https:\/\/dakar2023.gsef-net.org\/wp-content\/uploads\/sites\/2\/2022\/12\/Barthelemy-Dias-1024x643.jpeg 1024w, https:\/\/dakar2023.gsef-net.org\/wp-content\/uploads\/sites\/2\/2022\/12\/Barthelemy-Dias-768x482.jpeg 768w, https:\/\/dakar2023.gsef-net.org\/wp-content\/uploads\/sites\/2\/2022\/12\/Barthelemy-Dias-1536x964.jpeg 1536w\" sizes=\"(max-width: 1886px) 100vw, 1886px\" \/>\t\t\t\t\t\t\t\t\t\t\t\t\t\t\t<\/div>\n\t\t\t\t<\/div>\n\t\t\t\t<div class=\"elementor-element elementor-element-0d746d3 elementor-widget elementor-widget-heading\" data-id=\"0d746d3\" data-element_type=\"widget\" data-widget_type=\"heading.default\">\n\t\t\t\t<div class=\"elementor-widget-container\">\n\t\t\t\t\t<h5 class=\"elementor-heading-title elementor-size-default\"><h1><span>Barth\u00e9l\u00e9my Dias (Alcalde de la ciudad de Dakar)<\/span><\/h1><\/h5>\t\t\t\t<\/div>\n\t\t\t\t<\/div>\n\t\t\t\t\t<\/div>\n\t\t<\/div>\n\t\t\t\t\t<\/div>\n\t\t<\/section>\n\t\t\t\t<div class=\"elementor-element elementor-element-a7e0574 elementor-widget elementor-widget-text-editor\" data-id=\"a7e0574\" data-element_type=\"widget\" data-widget_type=\"text-editor.default\">\n\t\t\t\t<div class=\"elementor-widget-container\">\n\t\t\t\t\t\t\t\t\t<p>La ciudad de <strong>Dakar<\/strong> (en w\u00f3lof <em>Ndakaaru<\/em>) es la capital de la Rep\u00fablica de Senegal y de la regi\u00f3n de Dakar. Concentra 1 056 009 habitantes de los 3 630 000 habitantes de la regi\u00f3n de Dakar (seg\u00fan estimaciones de 2018). Adem\u00e1s, es uno de los cuatro municipios hist\u00f3ricos de Senegal y la antigua capital del \u00c1frica Occidental Francesa (AOF).<\/p>\n<p>El Ayuntamiento de Dakar da apoyo a las OESS mediante la creaci\u00f3n de varias entidades descentralizadas (FODEM, CEPEM, Mutuelle d\u2019\u00e9pargne, Coop\u00e9rative d\u2019habitat\u2026). Estas entidades son herramientas que brindan apoyo a las OESS a lo largo de todo el proceso de emprendimiento social. Estas herramientas son pilares complementarios en la estrategia de apoyo a las ESS para aumentar la sostenibilidad de las empresas sociales con un acompa\u00f1amiento personalizado. Estas herramientas son pilares complementarios en la estrategia de apoyo a las ESS para aumentar la sostenibilidad de las empresas sociales con un apoyo personalizado.<\/p>\n<p>El Ayuntamiento de Dakar, a trav\u00e9s de diferentes proyectos, ha desarrollado <strong>una serie de acciones para promover la ESS<\/strong> en sus planes y programas de desarrollo. La existencia de iniciativas de formaci\u00f3n no vinculadas a la ESS es una oportunidad para el desarrollo de las capacidades de las OESS. Estas formaciones vienen respaldadas por un paquete de servicios no financieros que incluyen capacitaci\u00f3n y seguimiento de empresas sociales.<\/p>\n<p>A pesar de los diferentes proyectos y programas de apoyo a la poblaci\u00f3n y a las Organizaciones de la Econom\u00eda Social y Solidaria (OESS) impulsados por el Ayuntamiento de Dakar, el desarrollo de una pol\u00edtica de la ESS se ve lastrado por una serie de dificultades, a saber: la inexistencia de un marco jur\u00eddico adaptado a la heterogeneidad del sector, la falta de planificaci\u00f3n, promoci\u00f3n y visibilidad del sector en la pol\u00edtica local, la profesionalizaci\u00f3n de los actores y la falta de inclusividad en la participaci\u00f3n de las OESS a la hora de definir las pol\u00edticas p\u00fablicas.<\/p>\n<p><strong>Por \u00faltimo, la multiplicidad de entidades encargadas de la ESS<\/strong> en la Ciudad no facilita el apoyo a la toma de decisiones para el dise\u00f1o e implementaci\u00f3n de una pol\u00edtica p\u00fablica local planificada que promueva y de visibilidad al sector. Los mecanismos de participaci\u00f3n, consulta e intercambio de informaci\u00f3n existentes a\u00fan no son lo suficientemente funcionales como para permitir a las partes interesadas interpelar a los servicios t\u00e9cnicos, las estructuras de apoyo y los cargos electos municipales sobre los proyectos y programas, la selecci\u00f3n, la financiaci\u00f3n, el apoyo y los procedimientos de seguimiento de las estrategias de inclusi\u00f3n econ\u00f3mica y social.<\/p>\n\t\t\t\t\t\t\t\t<\/div>\n\t\t\t\t<\/div>\n\t\t\t\t\t<\/div>\n\t\t<\/div>\n\t\t\t\t\t<\/div>\n\t\t<\/section>\n\t\t\t\t<\/div>\n\t\t","protected":false},"excerpt":{"rendered":"<p>ESS en Dakar GSEF2023 DAKAR Econom\u00eda Social y Solidaria en Dakar Barth\u00e9l\u00e9my Dias (Alcalde de la ciudad de Dakar) La ciudad de Dakar (en w\u00f3lof Ndakaaru) es la capital de la Rep\u00fablica de Senegal y de la regi\u00f3n de Dakar. Concentra 1 056 009 habitantes de los 3 630 000 habitantes de la regi\u00f3n de [&hellip;]<\/p>\n","protected":false},"author":4,"featured_media":0,"parent":0,"menu_order":0,"comment_status":"closed","ping_status":"closed","template":"","meta":{"site-sidebar-layout":"no-sidebar","site-content-layout":"page-builder","ast-site-content-layout":"default","site-content-style":"default","site-sidebar-style":"default","ast-global-header-display":"","ast-banner-title-visibility":"","ast-main-header-display":"","ast-hfb-above-header-display":"","ast-hfb-below-header-display":"","ast-hfb-mobile-header-display":"","site-post-title":"disabled","ast-breadcrumbs-content":"","ast-featured-img":"disabled","footer-sml-layout":"","theme-transparent-header-meta":"","adv-header-id-meta":"","stick-header-meta":"","header-above-stick-meta":"","header-main-stick-meta":"","header-below-stick-meta":"","astra-migrate-meta-layouts":"default","ast-page-background-enabled":"default","ast-page-background-meta":{"desktop":{"background-color":"var(--ast-global-color-4)","background-image":"","background-repeat":"repeat","background-position":"center center","background-size":"auto","background-attachment":"scroll","background-type":"","background-media":"","overlay-type":"","overlay-color":"","overlay-opacity":"","overlay-gradient":""},"tablet":{"background-color":"","background-image":"","background-repeat":"repeat","background-position":"center center","background-size":"auto","background-attachment":"scroll","background-type":"","background-media":"","overlay-type":"","overlay-color":"","overlay-opacity":"","overlay-gradient":""},"mobile":{"background-color":"","background-image":"","background-repeat":"repeat","background-position":"center center","background-size":"auto","background-attachment":"scroll","background-type":"","background-media":"","overlay-type":"","overlay-color":"","overlay-opacity":"","overlay-gradient":""}},"ast-content-background-meta":{"desktop":{"background-color":"var(--ast-global-color-5)","background-image":"","background-repeat":"repeat","background-position":"center center","background-size":"auto","background-attachment":"scroll","background-type":"","background-media":"","overlay-type":"","overlay-color":"","overlay-opacity":"","overlay-gradient":""},"tablet":{"background-color":"var(--ast-global-color-5)","background-image":"","background-repeat":"repeat","background-position":"center center","background-size":"auto","background-attachment":"scroll","background-type":"","background-media":"","overlay-type":"","overlay-color":"","overlay-opacity":"","overlay-gradient":""},"mobile":{"background-color":"var(--ast-global-color-5)","background-image":"","background-repeat":"repeat","background-position":"center center","background-size":"auto","background-attachment":"scroll","background-type":"","background-media":"","overlay-type":"","overlay-color":"","overlay-opacity":"","overlay-gradient":""}},"footnotes":""},"class_list":["post-5030","page","type-page","status-publish","hentry"],"_links":{"self":[{"href":"https:\/\/dakar2023.gsef-net.org\/es\/wp-json\/wp\/v2\/pages\/5030","targetHints":{"allow":["GET"]}}],"collection":[{"href":"https:\/\/dakar2023.gsef-net.org\/es\/wp-json\/wp\/v2\/pages"}],"about":[{"href":"https:\/\/dakar2023.gsef-net.org\/es\/wp-json\/wp\/v2\/types\/page"}],"author":[{"embeddable":true,"href":"https:\/\/dakar2023.gsef-net.org\/es\/wp-json\/wp\/v2\/users\/4"}],"replies":[{"embeddable":true,"href":"https:\/\/dakar2023.gsef-net.org\/es\/wp-json\/wp\/v2\/comments?post=5030"}],"version-history":[{"count":4,"href":"https:\/\/dakar2023.gsef-net.org\/es\/wp-json\/wp\/v2\/pages\/5030\/revisions"}],"predecessor-version":[{"id":8932,"href":"https:\/\/dakar2023.gsef-net.org\/es\/wp-json\/wp\/v2\/pages\/5030\/revisions\/8932"}],"wp:attachment":[{"href":"https:\/\/dakar2023.gsef-net.org\/es\/wp-json\/wp\/v2\/media?parent=5030"}],"curies":[{"name":"wp","href":"https:\/\/api.w.org\/{rel}","templated":true}]}}