{"id":1810,"date":"2022-12-23T04:38:41","date_gmt":"2022-12-23T03:38:41","guid":{"rendered":"https:\/\/dakar2023.gsef-net.org\/dakar2023\/?page_id=1810"},"modified":"2023-01-28T21:10:52","modified_gmt":"2023-01-28T21:10:52","slug":"gsef_ess_afrique-2","status":"publish","type":"page","link":"https:\/\/dakar2023.gsef-net.org\/fr\/gsef_ess_afrique-2\/","title":{"rendered":"gsef_ess_afrique"},"content":{"rendered":"\t\t<div data-elementor-type=\"wp-page\" data-elementor-id=\"1810\" class=\"elementor elementor-1810\" data-elementor-post-type=\"page\">\n\t\t\t\t\t\t<section class=\"elementor-section elementor-top-section elementor-element elementor-element-118cd249 elementor-section-boxed elementor-section-height-default elementor-section-height-default\" data-id=\"118cd249\" data-element_type=\"section\" data-settings=\"{&quot;background_background&quot;:&quot;classic&quot;,&quot;background_motion_fx_motion_fx_scrolling&quot;:&quot;yes&quot;,&quot;background_motion_fx_devices&quot;:[&quot;desktop&quot;,&quot;tablet&quot;,&quot;mobile&quot;]}\">\n\t\t\t\t\t\t\t<div class=\"elementor-background-overlay\"><\/div>\n\t\t\t\t\t\t\t<div class=\"elementor-container elementor-column-gap-default\">\n\t\t\t\t\t<div class=\"elementor-column elementor-col-100 elementor-top-column elementor-element elementor-element-586dc969\" data-id=\"586dc969\" data-element_type=\"column\">\n\t\t\t<div class=\"elementor-widget-wrap elementor-element-populated\">\n\t\t\t\t\t\t<div class=\"elementor-element elementor-element-1a69acb6 elementor-invisible elementor-widget elementor-widget-heading\" data-id=\"1a69acb6\" data-element_type=\"widget\" data-settings=\"{&quot;_animation&quot;:&quot;fadeInRight&quot;}\" data-widget_type=\"heading.default\">\n\t\t\t\t<div class=\"elementor-widget-container\">\n\t\t\t\t\t<h1 class=\"elementor-heading-title elementor-size-default\">ESS en Afrique\u200b<\/h1>\t\t\t\t<\/div>\n\t\t\t\t<\/div>\n\t\t\t\t\t<\/div>\n\t\t<\/div>\n\t\t\t\t\t<\/div>\n\t\t<\/section>\n\t\t\t\t<section class=\"elementor-section elementor-top-section elementor-element elementor-element-7253309 elementor-section-boxed elementor-section-height-default elementor-section-height-default\" data-id=\"7253309\" data-element_type=\"section\">\n\t\t\t\t\t\t<div class=\"elementor-container elementor-column-gap-default\">\n\t\t\t\t\t<div class=\"elementor-column elementor-col-100 elementor-top-column elementor-element elementor-element-b5c59ce\" data-id=\"b5c59ce\" data-element_type=\"column\">\n\t\t\t<div class=\"elementor-widget-wrap elementor-element-populated\">\n\t\t\t\t\t\t<section class=\"elementor-section elementor-inner-section elementor-element elementor-element-5403b3a elementor-section-boxed elementor-section-height-default elementor-section-height-default\" data-id=\"5403b3a\" data-element_type=\"section\">\n\t\t\t\t\t\t<div class=\"elementor-container elementor-column-gap-default\">\n\t\t\t\t\t<div class=\"elementor-column elementor-col-50 elementor-inner-column elementor-element elementor-element-89621f0\" data-id=\"89621f0\" data-element_type=\"column\">\n\t\t\t<div class=\"elementor-widget-wrap elementor-element-populated\">\n\t\t\t\t\t\t<div class=\"elementor-element elementor-element-4a9a4e35 elementor-widget elementor-widget-heading\" data-id=\"4a9a4e35\" data-element_type=\"widget\" data-widget_type=\"heading.default\">\n\t\t\t\t<div class=\"elementor-widget-container\">\n\t\t\t\t\t<h1 class=\"elementor-heading-title elementor-size-default\">GSEF 2023 DAKAR<\/h1>\t\t\t\t<\/div>\n\t\t\t\t<\/div>\n\t\t\t\t<div class=\"elementor-element elementor-element-632546f elementor-widget elementor-widget-heading\" data-id=\"632546f\" data-element_type=\"widget\" data-widget_type=\"heading.default\">\n\t\t\t\t<div class=\"elementor-widget-container\">\n\t\t\t\t\t<h1 class=\"elementor-heading-title elementor-size-default\">\u00c9conomie Sociale et Solidaire en Afrique<\/h1>\t\t\t\t<\/div>\n\t\t\t\t<\/div>\n\t\t\t\t\t<\/div>\n\t\t<\/div>\n\t\t\t\t<div class=\"elementor-column elementor-col-50 elementor-inner-column elementor-element elementor-element-42e8baf\" data-id=\"42e8baf\" data-element_type=\"column\">\n\t\t\t<div class=\"elementor-widget-wrap elementor-element-populated\">\n\t\t\t\t\t\t<div class=\"elementor-element elementor-element-bddd7a9 elementor-widget elementor-widget-image\" data-id=\"bddd7a9\" data-element_type=\"widget\" data-widget_type=\"image.default\">\n\t\t\t\t<div class=\"elementor-widget-container\">\n\t\t\t\t\t\t\t\t\t\t\t\t\t\t\t<img fetchpriority=\"high\" decoding=\"async\" width=\"600\" height=\"400\" src=\"https:\/\/dakar2023.gsef-net.org\/wp-content\/uploads\/sites\/2\/2023\/01\/ess_afrique.png\" class=\"attachment-large size-large wp-image-7335\" alt=\"\" srcset=\"https:\/\/dakar2023.gsef-net.org\/wp-content\/uploads\/sites\/2\/2023\/01\/ess_afrique.png 600w, https:\/\/dakar2023.gsef-net.org\/wp-content\/uploads\/sites\/2\/2023\/01\/ess_afrique-300x200.png 300w, https:\/\/dakar2023.gsef-net.org\/wp-content\/uploads\/sites\/2\/2023\/01\/ess_afrique-200x133.png 200w\" sizes=\"(max-width: 600px) 100vw, 600px\" \/>\t\t\t\t\t\t\t\t\t\t\t\t\t\t\t<\/div>\n\t\t\t\t<\/div>\n\t\t\t\t\t<\/div>\n\t\t<\/div>\n\t\t\t\t\t<\/div>\n\t\t<\/section>\n\t\t\t\t<div class=\"elementor-element elementor-element-a227a8c elementor-widget elementor-widget-text-editor\" data-id=\"a227a8c\" data-element_type=\"widget\" data-widget_type=\"text-editor.default\">\n\t\t\t\t<div class=\"elementor-widget-container\">\n\t\t\t\t\t\t\t\t\t<p>Bien que l\u2019ESS soit un concept relativement nouveau pour la plupart des \u00c9tats membres de l\u2019UA, de nombreux gouvernements africains soutiennent certaines de ses dimensions et certains ont \u00e9labor\u00e9 des cadres politiques et juridiques pour promouvoir le secteur.<\/p><p>Au niveau panafricain, l\u2019Organisation pour l\u2019harmonisation du droit des affaires en Afrique (OHADA) a adopt\u00e9 en 2009 l\u2019Acte uniforme relatif aux soci\u00e9t\u00e9s coop\u00e9ratives, qui couvre 17 pays. L\u2019ann\u00e9e suivante, l\u2019Union \u00e9conomique et mon\u00e9taire ouest-africaine (UEMOA) a adopt\u00e9 le r\u00e8glement sur les mutuelles sociales, qui couvre huit pays. Le r\u00e9seau africain d\u2019\u00e9conomie sociale solidaire (RAESS), en association avec le r\u00e9seau mondial RIPESS a cr\u00e9\u00e9, qui r\u00e9unit 22 r\u00e9seaux nationaux.<\/p><p>Les cinq pays africains, parmi les 30 pays du monde qui ont adopt\u00e9 une l\u00e9gislation sur l\u2019ESS, sont le Cap-Vert en 2016, le Cameroun et Djibouti en 2019, la Tunisie en 2020 et le S\u00e9n\u00e9gal en 2021. Ces lois-cadres d\u00e9limitent le p\u00e9rim\u00e8tre de l\u2019ESS en en d\u00e9crivant les diff\u00e9rentes formes juridiques et en d\u00e9finissant des valeurs et des principes de fonctionnement partag\u00e9s. Elles pr\u00e9cisent les proc\u00e9dures d\u2019enregistrement des unit\u00e9s et de suivi administratif et statistique. Elles organisent le dialogue entre les pouvoirs publics et les organisations qui repr\u00e9sentent les acteurs. Elles pr\u00e9cisent \u00e9galement les mesures de sensibilisation, de soutien, de financement, de fiscalit\u00e9 et de march\u00e9s publics.<\/p><p>Une r\u00e9glementation en lien avec l\u2019ESS est en cours au Maroc, en Alg\u00e9rie, en Afrique du Sud et au Gabon. Le Mali a adopt\u00e9 une politique nationale de promotion de l\u2019ESS et un plan d\u2019action en 2014 et une loi portant cr\u00e9ation du Centre national de soutien \u00e0 la promotion de l\u2019ESS en 2017. Des minist\u00e8res charg\u00e9s de l\u2019ESS ont \u00e9t\u00e9 \u00e9tablis au Maroc, en Tunisie, au S\u00e9n\u00e9gal et au Cameroun. Des pays comme le Mali, le Nig\u00e9ria et le S\u00e9n\u00e9gal ont pris l\u2019engagement de d\u00e9velopper une acad\u00e9mie d\u2019ESS.<\/p>\t\t\t\t\t\t\t\t<\/div>\n\t\t\t\t<\/div>\n\t\t\t\t\t<\/div>\n\t\t<\/div>\n\t\t\t\t\t<\/div>\n\t\t<\/section>\n\t\t\t\t<\/div>\n\t\t","protected":false},"excerpt":{"rendered":"<p>ESS en Afrique\u200b GSEF 2023 DAKAR \u00c9conomie Sociale et Solidaire en Afrique Bien que l\u2019ESS soit un concept relativement nouveau pour la plupart des \u00c9tats membres de l\u2019UA, de nombreux gouvernements africains soutiennent certaines de ses dimensions et certains ont \u00e9labor\u00e9 des cadres politiques et juridiques pour promouvoir le secteur. Au niveau panafricain, l\u2019Organisation pour [&hellip;]<\/p>\n","protected":false},"author":4,"featured_media":0,"parent":0,"menu_order":0,"comment_status":"closed","ping_status":"closed","template":"","meta":{"site-sidebar-layout":"no-sidebar","site-content-layout":"page-builder","ast-site-content-layout":"default","site-content-style":"default","site-sidebar-style":"default","ast-global-header-display":"","ast-banner-title-visibility":"","ast-main-header-display":"","ast-hfb-above-header-display":"","ast-hfb-below-header-display":"","ast-hfb-mobile-header-display":"","site-post-title":"disabled","ast-breadcrumbs-content":"","ast-featured-img":"disabled","footer-sml-layout":"","theme-transparent-header-meta":"","adv-header-id-meta":"","stick-header-meta":"","header-above-stick-meta":"","header-main-stick-meta":"","header-below-stick-meta":"","astra-migrate-meta-layouts":"default","ast-page-background-enabled":"default","ast-page-background-meta":{"desktop":{"background-color":"var(--ast-global-color-4)","background-image":"","background-repeat":"repeat","background-position":"center center","background-size":"auto","background-attachment":"scroll","background-type":"","background-media":"","overlay-type":"","overlay-color":"","overlay-opacity":"","overlay-gradient":""},"tablet":{"background-color":"","background-image":"","background-repeat":"repeat","background-position":"center center","background-size":"auto","background-attachment":"scroll","background-type":"","background-media":"","overlay-type":"","overlay-color":"","overlay-opacity":"","overlay-gradient":""},"mobile":{"background-color":"","background-image":"","background-repeat":"repeat","background-position":"center center","background-size":"auto","background-attachment":"scroll","background-type":"","background-media":"","overlay-type":"","overlay-color":"","overlay-opacity":"","overlay-gradient":""}},"ast-content-background-meta":{"desktop":{"background-color":"var(--ast-global-color-5)","background-image":"","background-repeat":"repeat","background-position":"center center","background-size":"auto","background-attachment":"scroll","background-type":"","background-media":"","overlay-type":"","overlay-color":"","overlay-opacity":"","overlay-gradient":""},"tablet":{"background-color":"var(--ast-global-color-5)","background-image":"","background-repeat":"repeat","background-position":"center center","background-size":"auto","background-attachment":"scroll","background-type":"","background-media":"","overlay-type":"","overlay-color":"","overlay-opacity":"","overlay-gradient":""},"mobile":{"background-color":"var(--ast-global-color-5)","background-image":"","background-repeat":"repeat","background-position":"center center","background-size":"auto","background-attachment":"scroll","background-type":"","background-media":"","overlay-type":"","overlay-color":"","overlay-opacity":"","overlay-gradient":""}},"footnotes":""},"class_list":["post-1810","page","type-page","status-publish","hentry"],"_links":{"self":[{"href":"https:\/\/dakar2023.gsef-net.org\/fr\/wp-json\/wp\/v2\/pages\/1810","targetHints":{"allow":["GET"]}}],"collection":[{"href":"https:\/\/dakar2023.gsef-net.org\/fr\/wp-json\/wp\/v2\/pages"}],"about":[{"href":"https:\/\/dakar2023.gsef-net.org\/fr\/wp-json\/wp\/v2\/types\/page"}],"author":[{"embeddable":true,"href":"https:\/\/dakar2023.gsef-net.org\/fr\/wp-json\/wp\/v2\/users\/4"}],"replies":[{"embeddable":true,"href":"https:\/\/dakar2023.gsef-net.org\/fr\/wp-json\/wp\/v2\/comments?post=1810"}],"version-history":[{"count":28,"href":"https:\/\/dakar2023.gsef-net.org\/fr\/wp-json\/wp\/v2\/pages\/1810\/revisions"}],"predecessor-version":[{"id":8913,"href":"https:\/\/dakar2023.gsef-net.org\/fr\/wp-json\/wp\/v2\/pages\/1810\/revisions\/8913"}],"wp:attachment":[{"href":"https:\/\/dakar2023.gsef-net.org\/fr\/wp-json\/wp\/v2\/media?parent=1810"}],"curies":[{"name":"wp","href":"https:\/\/api.w.org\/{rel}","templated":true}]}}