{"id":1815,"date":"2022-12-23T04:45:23","date_gmt":"2022-12-23T03:45:23","guid":{"rendered":"https:\/\/dakar2023.gsef-net.org\/dakar2023\/?page_id=1815"},"modified":"2023-01-28T21:18:20","modified_gmt":"2023-01-28T21:18:20","slug":"gsef_ess_senegal","status":"publish","type":"page","link":"https:\/\/dakar2023.gsef-net.org\/fr\/gsef_ess_senegal\/","title":{"rendered":"gsef_ess_senegal"},"content":{"rendered":"\t\t<div data-elementor-type=\"wp-page\" data-elementor-id=\"1815\" class=\"elementor elementor-1815\" data-elementor-post-type=\"page\">\n\t\t\t\t\t\t<section class=\"elementor-section elementor-top-section elementor-element elementor-element-6a44150c elementor-section-boxed elementor-section-height-default elementor-section-height-default\" data-id=\"6a44150c\" data-element_type=\"section\" data-settings=\"{&quot;background_background&quot;:&quot;classic&quot;,&quot;background_motion_fx_motion_fx_scrolling&quot;:&quot;yes&quot;,&quot;background_motion_fx_devices&quot;:[&quot;desktop&quot;,&quot;tablet&quot;,&quot;mobile&quot;]}\">\n\t\t\t\t\t\t\t<div class=\"elementor-background-overlay\"><\/div>\n\t\t\t\t\t\t\t<div class=\"elementor-container elementor-column-gap-default\">\n\t\t\t\t\t<div class=\"elementor-column elementor-col-100 elementor-top-column elementor-element elementor-element-167de341\" data-id=\"167de341\" data-element_type=\"column\">\n\t\t\t<div class=\"elementor-widget-wrap elementor-element-populated\">\n\t\t\t\t\t\t<div class=\"elementor-element elementor-element-1ae7dd55 elementor-invisible elementor-widget elementor-widget-heading\" data-id=\"1ae7dd55\" data-element_type=\"widget\" data-settings=\"{&quot;_animation&quot;:&quot;fadeInRight&quot;}\" data-widget_type=\"heading.default\">\n\t\t\t\t<div class=\"elementor-widget-container\">\n\t\t\t\t\t<h1 class=\"elementor-heading-title elementor-size-default\">ESS au S\u00e9n\u00e9gal<\/h1>\t\t\t\t<\/div>\n\t\t\t\t<\/div>\n\t\t\t\t\t<\/div>\n\t\t<\/div>\n\t\t\t\t\t<\/div>\n\t\t<\/section>\n\t\t\t\t<section class=\"elementor-section elementor-top-section elementor-element elementor-element-3398d98f elementor-section-boxed elementor-section-height-default elementor-section-height-default\" data-id=\"3398d98f\" data-element_type=\"section\" data-settings=\"{&quot;background_background&quot;:&quot;classic&quot;}\">\n\t\t\t\t\t\t<div class=\"elementor-container elementor-column-gap-default\">\n\t\t\t\t\t<div class=\"elementor-column elementor-col-100 elementor-top-column elementor-element elementor-element-7b030395\" data-id=\"7b030395\" data-element_type=\"column\">\n\t\t\t<div class=\"elementor-widget-wrap elementor-element-populated\">\n\t\t\t\t\t\t<section class=\"elementor-section elementor-inner-section elementor-element elementor-element-19c8e50b elementor-section-boxed elementor-section-height-default elementor-section-height-default\" data-id=\"19c8e50b\" data-element_type=\"section\">\n\t\t\t\t\t\t<div class=\"elementor-container elementor-column-gap-default\">\n\t\t\t\t\t<div class=\"elementor-column elementor-col-50 elementor-inner-column elementor-element elementor-element-6f2701a8\" data-id=\"6f2701a8\" data-element_type=\"column\">\n\t\t\t<div class=\"elementor-widget-wrap elementor-element-populated\">\n\t\t\t\t\t\t<div class=\"elementor-element elementor-element-52019045 elementor-widget elementor-widget-heading\" data-id=\"52019045\" data-element_type=\"widget\" data-widget_type=\"heading.default\">\n\t\t\t\t<div class=\"elementor-widget-container\">\n\t\t\t\t\t<h2 class=\"elementor-heading-title elementor-size-default\">GSEF 2023 DAKAR<\/h2>\t\t\t\t<\/div>\n\t\t\t\t<\/div>\n\t\t\t\t<div class=\"elementor-element elementor-element-636bbb0a elementor-widget elementor-widget-heading\" data-id=\"636bbb0a\" data-element_type=\"widget\" data-widget_type=\"heading.default\">\n\t\t\t\t<div class=\"elementor-widget-container\">\n\t\t\t\t\t<h2 class=\"elementor-heading-title elementor-size-default\">\u00c9conomie Sociale et Solidaire au S\u00e9n\u00e9gal<\/h2>\t\t\t\t<\/div>\n\t\t\t\t<\/div>\n\t\t\t\t\t<\/div>\n\t\t<\/div>\n\t\t\t\t<div class=\"elementor-column elementor-col-50 elementor-inner-column elementor-element elementor-element-fb91d2e\" data-id=\"fb91d2e\" data-element_type=\"column\">\n\t\t\t<div class=\"elementor-widget-wrap elementor-element-populated\">\n\t\t\t\t\t\t<div class=\"elementor-element elementor-element-981c6cf elementor-widget elementor-widget-image\" data-id=\"981c6cf\" data-element_type=\"widget\" data-widget_type=\"image.default\">\n\t\t\t\t<div class=\"elementor-widget-container\">\n\t\t\t\t\t\t\t\t\t\t\t\t\t\t\t<img fetchpriority=\"high\" decoding=\"async\" width=\"720\" height=\"399\" src=\"https:\/\/dakar2023.gsef-net.org\/wp-content\/uploads\/sites\/2\/2023\/01\/VICTORINE-NDEYE.webp\" class=\"attachment-large size-large wp-image-6749\" alt=\"\" srcset=\"https:\/\/dakar2023.gsef-net.org\/wp-content\/uploads\/sites\/2\/2023\/01\/VICTORINE-NDEYE.webp 720w, https:\/\/dakar2023.gsef-net.org\/wp-content\/uploads\/sites\/2\/2023\/01\/VICTORINE-NDEYE-300x166.webp 300w, https:\/\/dakar2023.gsef-net.org\/wp-content\/uploads\/sites\/2\/2023\/01\/VICTORINE-NDEYE-200x111.webp 200w, https:\/\/dakar2023.gsef-net.org\/wp-content\/uploads\/sites\/2\/2023\/01\/VICTORINE-NDEYE-600x333.webp 600w\" sizes=\"(max-width: 720px) 100vw, 720px\" \/>\t\t\t\t\t\t\t\t\t\t\t\t\t\t\t<\/div>\n\t\t\t\t<\/div>\n\t\t\t\t\t<\/div>\n\t\t<\/div>\n\t\t\t\t\t<\/div>\n\t\t<\/section>\n\t\t\t\t<div class=\"elementor-element elementor-element-336ffdbb elementor-widget elementor-widget-text-editor\" data-id=\"336ffdbb\" data-element_type=\"widget\" data-widget_type=\"text-editor.default\">\n\t\t\t\t<div class=\"elementor-widget-container\">\n\t\t\t\t\t\t\t\t\t<p>L\u2019id\u00e9ologie du travail communautaire est un mode de vie dans la soci\u00e9t\u00e9 s\u00e9n\u00e9galaise (Fall et Gu\u00e8ye 2003). En effet, le travail y est per\u00e7u comme moyen d\u2019accomplissement de l\u2019individu et d\u2019acquisition de la personnalit\u00e9. En 2020, la population du S\u00e9n\u00e9gal est estim\u00e9e \u00e0 16 705608 habitants pour 50,2% de femmes et 49,8% d\u2019hommes, et, dont plus de la moiti\u00e9 r\u00e9side en milieu rural (53,5%) contre 46,5% de citadins (ANSD S.d.).<\/p><p>L\u2019Etat du S\u00e9n\u00e9gal a \u00e9rig\u00e9 l\u2019ESS, dans le cadre du Plan S\u00e9n\u00e9gal Emergent (document de r\u00e9f\u00e9rence de la politique \u00e9conomique et sociale \u00e0 l\u2019horizon 2035) comme priorit\u00e9 fondamentale en la pla\u00e7ant au deuxi\u00e8me rang de ses cinq initiatives majeures contenues dans le programme ligu\u00e9yeul elleuk 1 , pour l\u2019actuel quinquennat. Une telle cons\u00e9cration marque la d\u00e9termination de la plus haute autorit\u00e9 \u00e0 promouvoir et \u00e0 d\u00e9velopper le secteur de l\u2019ESS, forte de la conviction qu\u2019elle peut contribuer au raffermissement d\u2019une soci\u00e9t\u00e9 d\u00e9mocratique au sein de laquelle la pleine participation \u00e0 la cr\u00e9ation de valeur ajout\u00e9e du secteur formel, comme informel se r\u00e9alisera par la redistribution de richesses \u00e0 travers la promotion des entreprises et organisations bas\u00e9es sur la solidarit\u00e9 et la primaut\u00e9 de l\u2019homme.<\/p><p>En 2017, la cr\u00e9ation d\u2019un Minist\u00e8re d\u00e9di\u00e9 \u00e0 la microfinance et \u00e0 l\u2019ESS (MMESS), a confirm\u00e9 cette option prise par l\u2019Etat, d\u2019assister les m\u00e9nages pauvres ou \u00e0 faibles revenus et d\u2019accro\u00eetre les opportunit\u00e9s de r\u00e9ussite des micro-entrepreneurs.<\/p><p>En 2021, l\u2019Assembl\u00e9e nationale a adopt\u00e9 la loi d\u2019orientation de l\u2019ESS et son d\u00e9cret d\u2019application a \u00e9t\u00e9 promulgu\u00e9 par le Pr\u00e9sident de la R\u00e9publique. L\u2019ESS est d\u00e9finie comme \u00ab un ensemble d\u2019activit\u00e9s \u00e9conomiques \u00e0 finalit\u00e9s sociales et\/ou environnementales r\u00e9alis\u00e9es par des entrepreneurs individuels ou port\u00e9es par des groupes de personnes associ\u00e9s \u00bb.<\/p><p>En effet, \u00e0 travers ce cadre institutionnel de l\u2019ESS, le S\u00e9n\u00e9gal est entr\u00e9 dans le cercle restreint des Nations qui dispose d\u2019un dispositif juridique encadrant ce secteur strat\u00e9gique. Ce dispositif juridique, tr\u00e8s innovant, est aujourd\u2019hui en cours de vulgarisation et d\u2019op\u00e9rationnalisation, \u00e0 travers notamment le d\u00e9ploiement de la Plateforme num\u00e9rique d\u00e9nomm\u00e9e SEN LABEL ESS \u00ab CII LA BOKK \u00bb qui se veut \u00eatre un dispositif de d\u00e9mat\u00e9rialisation des proc\u00e9dures d\u2019obtention de l\u2019agr\u00e9ment ESS, qui conf\u00e8re aux acteurs le statut d\u2019acteur ESS.<\/p><p>Cet instrument a \u00e9galement pour r\u00f4le de faciliter l\u2019identification, la structuration, l\u2019encadrement et le financement des acteurs de l\u2019ESS que sont les coop\u00e9ratives ou mutuelles, les associations entreprenantes et responsables, les entreprises sociales et les acteurs du secteur informel.<\/p><p>Dans le cadre de l\u2019op\u00e9rationnalisation de cette loi, il est \u00e9galement pr\u00e9vu d\u2019\u00e9laborer, tr\u00e8s prochainement, une strat\u00e9gie nationale d\u2019encouragement \u00e0 la RSE, afin de stimuler et de diversifier les sources de financements des acteurs de l\u2019ESS. S\u2019agissant de l\u2019implication au niveau international, le S\u00e9n\u00e9gal fait partie des premi\u00e8res nations \u00e0 avoir signer le Manifeste de Paris pour la reconnaissance internationale de l\u2019ESS, d\u2019une part, et d\u2019\u00eatre coopt\u00e9 dans le groupe restreint de pays devant porter le projet de r\u00e9solution des Nations Unies sur l\u2019ESS, en cours d\u2019\u00e9laboration d&rsquo;autres part.<\/p>\t\t\t\t\t\t\t\t<\/div>\n\t\t\t\t<\/div>\n\t\t\t\t\t<\/div>\n\t\t<\/div>\n\t\t\t\t\t<\/div>\n\t\t<\/section>\n\t\t\t\t<\/div>\n\t\t","protected":false},"excerpt":{"rendered":"<p>ESS au S\u00e9n\u00e9gal GSEF 2023 DAKAR \u00c9conomie Sociale et Solidaire au S\u00e9n\u00e9gal L\u2019id\u00e9ologie du travail communautaire est un mode de vie dans la soci\u00e9t\u00e9 s\u00e9n\u00e9galaise (Fall et Gu\u00e8ye 2003). En effet, le travail y est per\u00e7u comme moyen d\u2019accomplissement de l\u2019individu et d\u2019acquisition de la personnalit\u00e9. En 2020, la population du S\u00e9n\u00e9gal est estim\u00e9e \u00e0 [&hellip;]<\/p>\n","protected":false},"author":4,"featured_media":0,"parent":0,"menu_order":0,"comment_status":"closed","ping_status":"closed","template":"","meta":{"site-sidebar-layout":"no-sidebar","site-content-layout":"page-builder","ast-site-content-layout":"default","site-content-style":"default","site-sidebar-style":"default","ast-global-header-display":"","ast-banner-title-visibility":"","ast-main-header-display":"","ast-hfb-above-header-display":"","ast-hfb-below-header-display":"","ast-hfb-mobile-header-display":"","site-post-title":"disabled","ast-breadcrumbs-content":"","ast-featured-img":"disabled","footer-sml-layout":"","theme-transparent-header-meta":"","adv-header-id-meta":"","stick-header-meta":"","header-above-stick-meta":"","header-main-stick-meta":"","header-below-stick-meta":"","astra-migrate-meta-layouts":"default","ast-page-background-enabled":"default","ast-page-background-meta":{"desktop":{"background-color":"var(--ast-global-color-4)","background-image":"","background-repeat":"repeat","background-position":"center center","background-size":"auto","background-attachment":"scroll","background-type":"","background-media":"","overlay-type":"","overlay-color":"","overlay-opacity":"","overlay-gradient":""},"tablet":{"background-color":"","background-image":"","background-repeat":"repeat","background-position":"center center","background-size":"auto","background-attachment":"scroll","background-type":"","background-media":"","overlay-type":"","overlay-color":"","overlay-opacity":"","overlay-gradient":""},"mobile":{"background-color":"","background-image":"","background-repeat":"repeat","background-position":"center center","background-size":"auto","background-attachment":"scroll","background-type":"","background-media":"","overlay-type":"","overlay-color":"","overlay-opacity":"","overlay-gradient":""}},"ast-content-background-meta":{"desktop":{"background-color":"var(--ast-global-color-5)","background-image":"","background-repeat":"repeat","background-position":"center center","background-size":"auto","background-attachment":"scroll","background-type":"","background-media":"","overlay-type":"","overlay-color":"","overlay-opacity":"","overlay-gradient":""},"tablet":{"background-color":"var(--ast-global-color-5)","background-image":"","background-repeat":"repeat","background-position":"center center","background-size":"auto","background-attachment":"scroll","background-type":"","background-media":"","overlay-type":"","overlay-color":"","overlay-opacity":"","overlay-gradient":""},"mobile":{"background-color":"var(--ast-global-color-5)","background-image":"","background-repeat":"repeat","background-position":"center center","background-size":"auto","background-attachment":"scroll","background-type":"","background-media":"","overlay-type":"","overlay-color":"","overlay-opacity":"","overlay-gradient":""}},"footnotes":""},"class_list":["post-1815","page","type-page","status-publish","hentry"],"_links":{"self":[{"href":"https:\/\/dakar2023.gsef-net.org\/fr\/wp-json\/wp\/v2\/pages\/1815","targetHints":{"allow":["GET"]}}],"collection":[{"href":"https:\/\/dakar2023.gsef-net.org\/fr\/wp-json\/wp\/v2\/pages"}],"about":[{"href":"https:\/\/dakar2023.gsef-net.org\/fr\/wp-json\/wp\/v2\/types\/page"}],"author":[{"embeddable":true,"href":"https:\/\/dakar2023.gsef-net.org\/fr\/wp-json\/wp\/v2\/users\/4"}],"replies":[{"embeddable":true,"href":"https:\/\/dakar2023.gsef-net.org\/fr\/wp-json\/wp\/v2\/comments?post=1815"}],"version-history":[{"count":19,"href":"https:\/\/dakar2023.gsef-net.org\/fr\/wp-json\/wp\/v2\/pages\/1815\/revisions"}],"predecessor-version":[{"id":8920,"href":"https:\/\/dakar2023.gsef-net.org\/fr\/wp-json\/wp\/v2\/pages\/1815\/revisions\/8920"}],"wp:attachment":[{"href":"https:\/\/dakar2023.gsef-net.org\/fr\/wp-json\/wp\/v2\/media?parent=1815"}],"curies":[{"name":"wp","href":"https:\/\/api.w.org\/{rel}","templated":true}]}}