{"id":1825,"date":"2022-12-23T04:55:53","date_gmt":"2022-12-23T03:55:53","guid":{"rendered":"https:\/\/dakar2023.gsef-net.org\/dakar2023\/?page_id=1825"},"modified":"2023-01-28T21:21:36","modified_gmt":"2023-01-28T21:21:36","slug":"gsef_ess_dakar","status":"publish","type":"page","link":"https:\/\/dakar2023.gsef-net.org\/fr\/gsef_ess_dakar\/","title":{"rendered":"gsef_ess_dakar"},"content":{"rendered":"\t\t<div data-elementor-type=\"wp-page\" data-elementor-id=\"1825\" class=\"elementor elementor-1825\" data-elementor-post-type=\"page\">\n\t\t\t\t\t\t<section class=\"elementor-section elementor-top-section elementor-element elementor-element-6f4adb2d elementor-section-boxed elementor-section-height-default elementor-section-height-default\" data-id=\"6f4adb2d\" data-element_type=\"section\" data-settings=\"{&quot;background_background&quot;:&quot;classic&quot;,&quot;background_motion_fx_motion_fx_scrolling&quot;:&quot;yes&quot;,&quot;background_motion_fx_devices&quot;:[&quot;desktop&quot;,&quot;tablet&quot;,&quot;mobile&quot;]}\">\n\t\t\t\t\t\t\t<div class=\"elementor-background-overlay\"><\/div>\n\t\t\t\t\t\t\t<div class=\"elementor-container elementor-column-gap-default\">\n\t\t\t\t\t<div class=\"elementor-column elementor-col-100 elementor-top-column elementor-element elementor-element-3e453c49\" data-id=\"3e453c49\" data-element_type=\"column\">\n\t\t\t<div class=\"elementor-widget-wrap elementor-element-populated\">\n\t\t\t\t\t\t<div class=\"elementor-element elementor-element-2fb381e4 elementor-invisible elementor-widget elementor-widget-heading\" data-id=\"2fb381e4\" data-element_type=\"widget\" data-settings=\"{&quot;_animation&quot;:&quot;fadeInRight&quot;}\" data-widget_type=\"heading.default\">\n\t\t\t\t<div class=\"elementor-widget-container\">\n\t\t\t\t\t<h1 class=\"elementor-heading-title elementor-size-default\">ESS \u00e0 Dakar<\/h1>\t\t\t\t<\/div>\n\t\t\t\t<\/div>\n\t\t\t\t\t<\/div>\n\t\t<\/div>\n\t\t\t\t\t<\/div>\n\t\t<\/section>\n\t\t\t\t<section class=\"elementor-section elementor-top-section elementor-element elementor-element-5b1705f4 elementor-section-boxed elementor-section-height-default elementor-section-height-default\" data-id=\"5b1705f4\" data-element_type=\"section\" data-settings=\"{&quot;background_background&quot;:&quot;classic&quot;}\">\n\t\t\t\t\t\t<div class=\"elementor-container elementor-column-gap-default\">\n\t\t\t\t\t<div class=\"elementor-column elementor-col-100 elementor-top-column elementor-element elementor-element-372f73f3\" data-id=\"372f73f3\" data-element_type=\"column\">\n\t\t\t<div class=\"elementor-widget-wrap elementor-element-populated\">\n\t\t\t\t\t\t<section class=\"elementor-section elementor-inner-section elementor-element elementor-element-2c35c389 elementor-section-boxed elementor-section-height-default elementor-section-height-default\" data-id=\"2c35c389\" data-element_type=\"section\">\n\t\t\t\t\t\t<div class=\"elementor-container elementor-column-gap-default\">\n\t\t\t\t\t<div class=\"elementor-column elementor-col-50 elementor-inner-column elementor-element elementor-element-3ada9639\" data-id=\"3ada9639\" data-element_type=\"column\">\n\t\t\t<div class=\"elementor-widget-wrap elementor-element-populated\">\n\t\t\t\t\t\t<div class=\"elementor-element elementor-element-eda5b49 elementor-widget elementor-widget-heading\" data-id=\"eda5b49\" data-element_type=\"widget\" data-widget_type=\"heading.default\">\n\t\t\t\t<div class=\"elementor-widget-container\">\n\t\t\t\t\t<h2 class=\"elementor-heading-title elementor-size-default\">GSEF 2023 DAKAR <\/h2>\t\t\t\t<\/div>\n\t\t\t\t<\/div>\n\t\t\t\t<div class=\"elementor-element elementor-element-3aefc889 elementor-widget elementor-widget-heading\" data-id=\"3aefc889\" data-element_type=\"widget\" data-widget_type=\"heading.default\">\n\t\t\t\t<div class=\"elementor-widget-container\">\n\t\t\t\t\t<h2 class=\"elementor-heading-title elementor-size-default\">\u00c9conomie Sociale et Solidaire \u00e0 Dakar<\/h2>\t\t\t\t<\/div>\n\t\t\t\t<\/div>\n\t\t\t\t\t<\/div>\n\t\t<\/div>\n\t\t\t\t<div class=\"elementor-column elementor-col-50 elementor-inner-column elementor-element elementor-element-227b1272\" data-id=\"227b1272\" data-element_type=\"column\" data-settings=\"{&quot;background_background&quot;:&quot;classic&quot;}\">\n\t\t\t<div class=\"elementor-widget-wrap elementor-element-populated\">\n\t\t\t\t\t<div class=\"elementor-background-overlay\"><\/div>\n\t\t\t\t\t\t<div class=\"elementor-element elementor-element-7b58b165 elementor-widget elementor-widget-image\" data-id=\"7b58b165\" data-element_type=\"widget\" data-widget_type=\"image.default\">\n\t\t\t\t<div class=\"elementor-widget-container\">\n\t\t\t\t\t\t\t\t\t\t\t\t\t\t\t<img fetchpriority=\"high\" decoding=\"async\" width=\"1886\" height=\"1184\" src=\"https:\/\/dakar2023.gsef-net.org\/wp-content\/uploads\/sites\/2\/2022\/12\/Barthelemy-Dias.jpeg\" class=\"attachment-full size-full wp-image-1016\" alt=\"\" srcset=\"https:\/\/dakar2023.gsef-net.org\/wp-content\/uploads\/sites\/2\/2022\/12\/Barthelemy-Dias.jpeg 1886w, https:\/\/dakar2023.gsef-net.org\/wp-content\/uploads\/sites\/2\/2022\/12\/Barthelemy-Dias-600x377.jpeg 600w\" sizes=\"(max-width: 1886px) 100vw, 1886px\" \/>\t\t\t\t\t\t\t\t\t\t\t\t\t\t\t<\/div>\n\t\t\t\t<\/div>\n\t\t\t\t<div class=\"elementor-element elementor-element-0d746d3 elementor-widget elementor-widget-heading\" data-id=\"0d746d3\" data-element_type=\"widget\" data-widget_type=\"heading.default\">\n\t\t\t\t<div class=\"elementor-widget-container\">\n\t\t\t\t\t<h5 class=\"elementor-heading-title elementor-size-default\"><h1 style=\"margin-bottom: 0px;overflow: hidden;font-size: 1.8em;font-weight: normal;, Georgia, Times, serif;line-height: 1.3;flex-grow: 1;font-style: normal\"><span>Barth\u00e9l\u00e9my Dias (Maire de la ville de Dakar<\/span><\/h1><\/h5>\t\t\t\t<\/div>\n\t\t\t\t<\/div>\n\t\t\t\t\t<\/div>\n\t\t<\/div>\n\t\t\t\t\t<\/div>\n\t\t<\/section>\n\t\t\t\t<div class=\"elementor-element elementor-element-a7e0574 elementor-widget elementor-widget-text-editor\" data-id=\"a7e0574\" data-element_type=\"widget\" data-widget_type=\"text-editor.default\">\n\t\t\t\t<div class=\"elementor-widget-container\">\n\t\t\t\t\t\t\t\t\t<p>La ville de\u00a0<strong>Dakar<\/strong>\u00a0(en\u00a0wolof\u00a0:\u00a0<em>Ndakaaru<\/em>) est la capitale de la R\u00e9publique du S\u00e9n\u00e9gal\u00a0et de la r\u00e9gion de Dakar. Elle compte 1\u00a0056\u00a0009\u00a0habitants\u00a0sur les 3\u00a0630\u00a0000\u00a0habitants (estimation 2018) que compte l\u2019ensemble de la r\u00e9gion de Dakar. C\u2019est une des quatre communes\u00a0historiques du S\u00e9n\u00e9gal et l\u2019ancienne capitale de l\u2019Afrique-Occidentale fran\u00e7aise\u00a0(AOF).<\/p><p>La Ville de Dakar en mettant plusieurs structures d\u00e9centralis\u00e9es d\u2019accompagnement (le FODEM, la CEPEM, la Mutuelle d\u2019\u00e9pargne et la Coop\u00e9rative d\u2019habitat\u2026) appuie les OESS. Ces structures sont des outils d\u2019accompagnement des OESS qui se positionnent tout au long du processus de l\u2019entrepreneuriat social. Ces outils sont des piliers compl\u00e9mentaires dans la strat\u00e9gie de soutien aux OESS pour augmenter la p\u00e9rennit\u00e9 des entreprises sociales avec un accompagnement personnalis\u00e9.<\/p><p>La Ville de Dakar \u00e0 travers ses diff\u00e9rents projets isol\u00e9s, a d\u00e9velopp\u00e9\u00a0<strong>un faisceau d\u2019actions concourant \u00e0 promouvoir l\u2019ESS<\/strong>\u00a0dans ses plans et programmes de d\u00e9veloppement. L\u2019existence d\u2019initiatives de formation non articul\u00e9es \u00e0 l\u2019ESS est une opportunit\u00e9 de renforcement des capacit\u00e9s des OESS. Ces formations s\u2019appuient sur un paquet de services non-financiers int\u00e9grant la formation et l\u2019encadrement des entreprises sociales.<\/p><p>Malgr\u00e9 plusieurs projets et programmes de soutien aux populations et aux Organisations d\u2019Economie Sociale et Solidaire (OESS) initi\u00e9s par la Ville de Dakar, le processus de d\u00e9veloppement d\u2019une politique de l\u2019ESS est limit\u00e9 par un certain nombre de contraintes \u00e0 savoir : l\u2019inexistence de cadre juridique adapt\u00e9 \u00e0 l\u2019h\u00e9t\u00e9rog\u00e9n\u00e9it\u00e9 de ce secteur, le d\u00e9faut de planification, de promotion et de visibilit\u00e9 du secteur dans la politique locale, la professionnalisation des acteurs, et la non inclusivit\u00e9 de l\u2019implication des OESS dans la d\u00e9finition de politiques publique.<\/p><p><strong>La multiplicit\u00e9 des structures en charge de l\u2019ESS<\/strong>\u00a0dans la Ville ne facilite pas l\u2019aide \u00e0 la d\u00e9cision, pour la conception et la mise en \u0153uvre d\u2019une politique publique locale planifi\u00e9e assurant la promotion et la visibilit\u00e9 du secteur. Les m\u00e9canismes participatifs, de consultations et de partage d\u2019information existants restent encore peu fonctionnels pour permettre aux d\u00e9tenteurs d\u2019enjeux d\u2019interpeller les services techniques, les structures d\u2019accompagnement et les \u00e9lus municipaux sur les projets et programmes, les proc\u00e9dures de s\u00e9lection, de financement, d\u2019accompagnement et de suivi de l\u2019appui aux strat\u00e9gies d\u2019insertion \u00e9conomique et sociale.<\/p>\t\t\t\t\t\t\t\t<\/div>\n\t\t\t\t<\/div>\n\t\t\t\t\t<\/div>\n\t\t<\/div>\n\t\t\t\t\t<\/div>\n\t\t<\/section>\n\t\t\t\t<\/div>\n\t\t","protected":false},"excerpt":{"rendered":"<p>ESS \u00e0 Dakar GSEF 2023 DAKAR \u00c9conomie Sociale et Solidaire \u00e0 Dakar Barth\u00e9l\u00e9my Dias (Maire de la ville de Dakar La ville de\u00a0Dakar\u00a0(en\u00a0wolof\u00a0:\u00a0Ndakaaru) est la capitale de la R\u00e9publique du S\u00e9n\u00e9gal\u00a0et de la r\u00e9gion de Dakar. Elle compte 1\u00a0056\u00a0009\u00a0habitants\u00a0sur les 3\u00a0630\u00a0000\u00a0habitants (estimation 2018) que compte l\u2019ensemble de la r\u00e9gion de Dakar. C\u2019est une des quatre [&hellip;]<\/p>\n","protected":false},"author":4,"featured_media":0,"parent":0,"menu_order":0,"comment_status":"closed","ping_status":"closed","template":"","meta":{"site-sidebar-layout":"no-sidebar","site-content-layout":"page-builder","ast-site-content-layout":"default","site-content-style":"default","site-sidebar-style":"default","ast-global-header-display":"","ast-banner-title-visibility":"","ast-main-header-display":"","ast-hfb-above-header-display":"","ast-hfb-below-header-display":"","ast-hfb-mobile-header-display":"","site-post-title":"disabled","ast-breadcrumbs-content":"","ast-featured-img":"disabled","footer-sml-layout":"","theme-transparent-header-meta":"","adv-header-id-meta":"","stick-header-meta":"","header-above-stick-meta":"","header-main-stick-meta":"","header-below-stick-meta":"","astra-migrate-meta-layouts":"default","ast-page-background-enabled":"default","ast-page-background-meta":{"desktop":{"background-color":"var(--ast-global-color-4)","background-image":"","background-repeat":"repeat","background-position":"center center","background-size":"auto","background-attachment":"scroll","background-type":"","background-media":"","overlay-type":"","overlay-color":"","overlay-opacity":"","overlay-gradient":""},"tablet":{"background-color":"","background-image":"","background-repeat":"repeat","background-position":"center center","background-size":"auto","background-attachment":"scroll","background-type":"","background-media":"","overlay-type":"","overlay-color":"","overlay-opacity":"","overlay-gradient":""},"mobile":{"background-color":"","background-image":"","background-repeat":"repeat","background-position":"center center","background-size":"auto","background-attachment":"scroll","background-type":"","background-media":"","overlay-type":"","overlay-color":"","overlay-opacity":"","overlay-gradient":""}},"ast-content-background-meta":{"desktop":{"background-color":"var(--ast-global-color-5)","background-image":"","background-repeat":"repeat","background-position":"center center","background-size":"auto","background-attachment":"scroll","background-type":"","background-media":"","overlay-type":"","overlay-color":"","overlay-opacity":"","overlay-gradient":""},"tablet":{"background-color":"var(--ast-global-color-5)","background-image":"","background-repeat":"repeat","background-position":"center center","background-size":"auto","background-attachment":"scroll","background-type":"","background-media":"","overlay-type":"","overlay-color":"","overlay-opacity":"","overlay-gradient":""},"mobile":{"background-color":"var(--ast-global-color-5)","background-image":"","background-repeat":"repeat","background-position":"center center","background-size":"auto","background-attachment":"scroll","background-type":"","background-media":"","overlay-type":"","overlay-color":"","overlay-opacity":"","overlay-gradient":""}},"footnotes":""},"class_list":["post-1825","page","type-page","status-publish","hentry"],"_links":{"self":[{"href":"https:\/\/dakar2023.gsef-net.org\/fr\/wp-json\/wp\/v2\/pages\/1825","targetHints":{"allow":["GET"]}}],"collection":[{"href":"https:\/\/dakar2023.gsef-net.org\/fr\/wp-json\/wp\/v2\/pages"}],"about":[{"href":"https:\/\/dakar2023.gsef-net.org\/fr\/wp-json\/wp\/v2\/types\/page"}],"author":[{"embeddable":true,"href":"https:\/\/dakar2023.gsef-net.org\/fr\/wp-json\/wp\/v2\/users\/4"}],"replies":[{"embeddable":true,"href":"https:\/\/dakar2023.gsef-net.org\/fr\/wp-json\/wp\/v2\/comments?post=1825"}],"version-history":[{"count":22,"href":"https:\/\/dakar2023.gsef-net.org\/fr\/wp-json\/wp\/v2\/pages\/1825\/revisions"}],"predecessor-version":[{"id":8930,"href":"https:\/\/dakar2023.gsef-net.org\/fr\/wp-json\/wp\/v2\/pages\/1825\/revisions\/8930"}],"wp:attachment":[{"href":"https:\/\/dakar2023.gsef-net.org\/fr\/wp-json\/wp\/v2\/media?parent=1825"}],"curies":[{"name":"wp","href":"https:\/\/api.w.org\/{rel}","templated":true}]}}